{"id":488,"date":"2022-11-20T14:28:25","date_gmt":"2022-11-20T13:28:25","guid":{"rendered":"http:\/\/chiavalon.shop\/proizvod\/organic\/"},"modified":"2026-03-24T13:07:25","modified_gmt":"2026-03-24T12:07:25","slug":"organic","status":"publish","type":"product","link":"https:\/\/chiavalon.hr\/en\/proizvod\/organic\/","title":{"rendered":"Organic"},"content":{"rendered":"<ul>\n<li><strong>Region<\/strong>: Istria<\/li>\n<li><strong>Place of production<\/strong>: Vodnjan<\/li>\n<li><strong>Altitude<\/strong>: 80 \u2013 180 m.a.s.l.<\/li>\n<li><strong>Type<\/strong>: coupage\/blend<\/li>\n<li><strong>Olive variety<\/strong> :\u00a0Vodnjan Bu\u017ea, Crnica, Istrian Bjelica, Ro\u017einjola and Mora\u017eola<\/li>\n<li><strong>Harvesting method<\/strong>: combined; hand picked and using hand-held pneumatic branch shakers<\/li>\n<li><strong>Harvesting period<\/strong>: October<\/li>\n<li><strong>Processing method<\/strong>: continuous cycle, 2 phases, processed immediately after harvesting<\/li>\n<li><strong>Processing temperature<\/strong>: max 24\u00b0C<\/li>\n<li><strong>Thickness<\/strong>: very rich texture<\/li>\n<li><strong>Color<\/strong>: intense green<\/li>\n<li><strong>Aroma<\/strong>: intense and very elegant, enriched with harmonic notes of wild chicory, green apple, artichoke, freshly cut green grass and tomato, as well as rich balsamic notes of mint, rosemary and sage, with a distinct almond note.<\/li>\n<li><strong>Flavor<\/strong>: profound, yet at the same time very balanced piquancy and bitterness.<\/li>\n<li><strong>Serving suggestions<\/strong>: This oil pairs perfectly with boiled and fried eggs, grilled tuna, red and white meat and various cheeses. We recommend it with all types of pasta and risotto. It may also be served with dessert, ideally poured over vanilla ice cream or chocolate cakes.<\/li>\n<li><strong>Bottle<\/strong> : 0,5l<\/li>\n<\/ul>\n","protected":false},"excerpt":{"rendered":"<p class=\"item-intro text-muted\">Organic \u2013 extra virgin olive oil, certified organic production. Top quality organic food. Intense and very elegant aroma.<\/p>\n","protected":false},"featured_media":10787,"comment_status":"open","ping_status":"closed","template":"","meta":{"inline_featured_image":false},"product_brand":[],"product_cat":[111,181,148],"product_tag":[],"class_list":{"0":"post-488","1":"product","2":"type-product","3":"status-publish","4":"has-post-thumbnail","6":"product_cat-bottle-en","7":"product_cat-olive-oil","8":"product_cat-uncategorized-hr","9":"product_shipping_class-bottle-en","11":"first","12":"instock","13":"taxable","14":"shipping-taxable","15":"purchasable","16":"product-type-simple"},"yoast_head":"<!-- This site is optimized with the Yoast SEO plugin v26.1 - https:\/\/yoast.com\/wordpress\/plugins\/seo\/ -->\n<title>Organic - Sale of Local Olive Oil, Istria | Chiavalon<\/title>\n<meta name=\"description\" content=\"Chiavalon Organic extra virgin olive oil from 100% certified organic farming. Intense aroma and balanced flavour, perfect for meat and pasta. Order now!\" \/>\n<meta name=\"robots\" content=\"index, follow, max-snippet:-1, max-image-preview:large, max-video-preview:-1\" \/>\n<link rel=\"canonical\" href=\"https:\/\/chiavalon.hr\/en\/proizvod\/organic\/\" \/>\n<meta property=\"og:locale\" content=\"en_US\" \/>\n<meta property=\"og:type\" content=\"article\" \/>\n<meta property=\"og:title\" content=\"Organic - Sale of Local Olive Oil, Istria | Chiavalon\" \/>\n<meta property=\"og:description\" content=\"Chiavalon Organic extra virgin olive oil from 100% certified organic farming. Intense aroma and balanced flavour, perfect for meat and pasta. Order now!\" \/>\n<meta property=\"og:url\" content=\"https:\/\/chiavalon.hr\/en\/proizvod\/organic\/\" \/>\n<meta property=\"og:site_name\" content=\"Chiavalon Shop\" \/>\n<meta property=\"article:modified_time\" content=\"2026-03-24T12:07:25+00:00\" \/>\n<meta property=\"og:image\" content=\"https:\/\/chiavalon.hr\/wp-content\/uploads\/2025\/11\/Chiavalon-Organic.webp\" \/>\n\t<meta property=\"og:image:width\" content=\"1000\" \/>\n\t<meta property=\"og:image:height\" content=\"1000\" \/>\n\t<meta property=\"og:image:type\" content=\"image\/webp\" \/>\n<meta name=\"twitter:card\" content=\"summary_large_image\" \/>\n<meta name=\"twitter:label1\" content=\"Est. reading time\" \/>\n\t<meta name=\"twitter:data1\" content=\"1 minute\" \/>\n<script type=\"application\/ld+json\" class=\"yoast-schema-graph\">{\"@context\":\"https:\/\/schema.org\",\"@graph\":[{\"@type\":\"WebPage\",\"@id\":\"https:\/\/chiavalon.hr\/en\/proizvod\/organic\/\",\"url\":\"https:\/\/chiavalon.hr\/en\/proizvod\/organic\/\",\"name\":\"Organic - Sale of Local Olive Oil, Istria | Chiavalon\",\"isPartOf\":{\"@id\":\"https:\/\/chiavalon.hr\/#website\"},\"primaryImageOfPage\":{\"@id\":\"https:\/\/chiavalon.hr\/en\/proizvod\/organic\/#primaryimage\"},\"image\":{\"@id\":\"https:\/\/chiavalon.hr\/en\/proizvod\/organic\/#primaryimage\"},\"thumbnailUrl\":\"https:\/\/chiavalon.hr\/wp-content\/uploads\/2025\/11\/Chiavalon-Organic.webp\",\"datePublished\":\"2022-11-20T13:28:25+00:00\",\"dateModified\":\"2026-03-24T12:07:25+00:00\",\"description\":\"Chiavalon Organic extra virgin olive oil from 100% certified organic farming. Intense aroma and balanced flavour, perfect for meat and pasta. Order now!\",\"breadcrumb\":{\"@id\":\"https:\/\/chiavalon.hr\/en\/proizvod\/organic\/#breadcrumb\"},\"inLanguage\":\"en-US\",\"potentialAction\":[{\"@type\":\"ReadAction\",\"target\":[\"https:\/\/chiavalon.hr\/en\/proizvod\/organic\/\"]}]},{\"@type\":\"ImageObject\",\"inLanguage\":\"en-US\",\"@id\":\"https:\/\/chiavalon.hr\/en\/proizvod\/organic\/#primaryimage\",\"url\":\"https:\/\/chiavalon.hr\/wp-content\/uploads\/2025\/11\/Chiavalon-Organic.webp\",\"contentUrl\":\"https:\/\/chiavalon.hr\/wp-content\/uploads\/2025\/11\/Chiavalon-Organic.webp\",\"width\":1000,\"height\":1000},{\"@type\":\"BreadcrumbList\",\"@id\":\"https:\/\/chiavalon.hr\/en\/proizvod\/organic\/#breadcrumb\",\"itemListElement\":[{\"@type\":\"ListItem\",\"position\":1,\"name\":\"Home\",\"item\":\"https:\/\/chiavalon.hr\/en\/chiavalon\/\"},{\"@type\":\"ListItem\",\"position\":2,\"name\":\"Organic\"}]},{\"@type\":\"WebSite\",\"@id\":\"https:\/\/chiavalon.hr\/#website\",\"url\":\"https:\/\/chiavalon.hr\/\",\"name\":\"Chiavalon Shop\",\"description\":\"Extravirgin olive oil\",\"potentialAction\":[{\"@type\":\"SearchAction\",\"target\":{\"@type\":\"EntryPoint\",\"urlTemplate\":\"https:\/\/chiavalon.hr\/?s={search_term_string}\"},\"query-input\":{\"@type\":\"PropertyValueSpecification\",\"valueRequired\":true,\"valueName\":\"search_term_string\"}}],\"inLanguage\":\"en-US\"}]}<\/script>\n<!-- \/ Yoast SEO plugin. -->","yoast_head_json":{"title":"Organic - Sale of Local Olive Oil, Istria | Chiavalon","description":"Chiavalon Organic extra virgin olive oil from 100% certified organic farming. Intense aroma and balanced flavour, perfect for meat and pasta. Order now!","robots":{"index":"index","follow":"follow","max-snippet":"max-snippet:-1","max-image-preview":"max-image-preview:large","max-video-preview":"max-video-preview:-1"},"canonical":"https:\/\/chiavalon.hr\/en\/proizvod\/organic\/","og_locale":"en_US","og_type":"article","og_title":"Organic - Sale of Local Olive Oil, Istria | Chiavalon","og_description":"Chiavalon Organic extra virgin olive oil from 100% certified organic farming. Intense aroma and balanced flavour, perfect for meat and pasta. Order now!","og_url":"https:\/\/chiavalon.hr\/en\/proizvod\/organic\/","og_site_name":"Chiavalon Shop","article_modified_time":"2026-03-24T12:07:25+00:00","og_image":[{"width":1000,"height":1000,"url":"https:\/\/chiavalon.hr\/wp-content\/uploads\/2025\/11\/Chiavalon-Organic.webp","type":"image\/webp"}],"twitter_card":"summary_large_image","twitter_misc":{"Est. reading time":"1 minute"},"schema":{"@context":"https:\/\/schema.org","@graph":[{"@type":"WebPage","@id":"https:\/\/chiavalon.hr\/en\/proizvod\/organic\/","url":"https:\/\/chiavalon.hr\/en\/proizvod\/organic\/","name":"Organic - Sale of Local Olive Oil, Istria | Chiavalon","isPartOf":{"@id":"https:\/\/chiavalon.hr\/#website"},"primaryImageOfPage":{"@id":"https:\/\/chiavalon.hr\/en\/proizvod\/organic\/#primaryimage"},"image":{"@id":"https:\/\/chiavalon.hr\/en\/proizvod\/organic\/#primaryimage"},"thumbnailUrl":"https:\/\/chiavalon.hr\/wp-content\/uploads\/2025\/11\/Chiavalon-Organic.webp","datePublished":"2022-11-20T13:28:25+00:00","dateModified":"2026-03-24T12:07:25+00:00","description":"Chiavalon Organic extra virgin olive oil from 100% certified organic farming. Intense aroma and balanced flavour, perfect for meat and pasta. Order now!","breadcrumb":{"@id":"https:\/\/chiavalon.hr\/en\/proizvod\/organic\/#breadcrumb"},"inLanguage":"en-US","potentialAction":[{"@type":"ReadAction","target":["https:\/\/chiavalon.hr\/en\/proizvod\/organic\/"]}]},{"@type":"ImageObject","inLanguage":"en-US","@id":"https:\/\/chiavalon.hr\/en\/proizvod\/organic\/#primaryimage","url":"https:\/\/chiavalon.hr\/wp-content\/uploads\/2025\/11\/Chiavalon-Organic.webp","contentUrl":"https:\/\/chiavalon.hr\/wp-content\/uploads\/2025\/11\/Chiavalon-Organic.webp","width":1000,"height":1000},{"@type":"BreadcrumbList","@id":"https:\/\/chiavalon.hr\/en\/proizvod\/organic\/#breadcrumb","itemListElement":[{"@type":"ListItem","position":1,"name":"Home","item":"https:\/\/chiavalon.hr\/en\/chiavalon\/"},{"@type":"ListItem","position":2,"name":"Organic"}]},{"@type":"WebSite","@id":"https:\/\/chiavalon.hr\/#website","url":"https:\/\/chiavalon.hr\/","name":"Chiavalon Shop","description":"Extravirgin olive oil","potentialAction":[{"@type":"SearchAction","target":{"@type":"EntryPoint","urlTemplate":"https:\/\/chiavalon.hr\/?s={search_term_string}"},"query-input":{"@type":"PropertyValueSpecification","valueRequired":true,"valueName":"search_term_string"}}],"inLanguage":"en-US"}]}},"_links":{"self":[{"href":"https:\/\/chiavalon.hr\/en\/wp-json\/wp\/v2\/product\/488","targetHints":{"allow":["GET"]}}],"collection":[{"href":"https:\/\/chiavalon.hr\/en\/wp-json\/wp\/v2\/product"}],"about":[{"href":"https:\/\/chiavalon.hr\/en\/wp-json\/wp\/v2\/types\/product"}],"replies":[{"embeddable":true,"href":"https:\/\/chiavalon.hr\/en\/wp-json\/wp\/v2\/comments?post=488"}],"wp:featuredmedia":[{"embeddable":true,"href":"https:\/\/chiavalon.hr\/en\/wp-json\/wp\/v2\/media\/10787"}],"wp:attachment":[{"href":"https:\/\/chiavalon.hr\/en\/wp-json\/wp\/v2\/media?parent=488"}],"wp:term":[{"taxonomy":"product_brand","embeddable":true,"href":"https:\/\/chiavalon.hr\/en\/wp-json\/wp\/v2\/product_brand?post=488"},{"taxonomy":"product_cat","embeddable":true,"href":"https:\/\/chiavalon.hr\/en\/wp-json\/wp\/v2\/product_cat?post=488"},{"taxonomy":"product_tag","embeddable":true,"href":"https:\/\/chiavalon.hr\/en\/wp-json\/wp\/v2\/product_tag?post=488"}],"curies":[{"name":"wp","href":"https:\/\/api.w.org\/{rel}","templated":true}]}}