{"id":9184,"date":"2025-11-26T12:51:07","date_gmt":"2025-11-26T11:51:07","guid":{"rendered":"https:\/\/chiavalon.hr\/proizvod\/eko-pasirana-rajcica-530g\/"},"modified":"2026-03-26T12:55:00","modified_gmt":"2026-03-26T11:55:00","slug":"eko-pasirana-rajcica-530g","status":"publish","type":"product","link":"https:\/\/chiavalon.hr\/de\/proizvod\/eko-pasirana-rajcica-530g\/","title":{"rendered":"Bio Passierte Tomaten 530g"},"content":{"rendered":"","protected":false},"excerpt":{"rendered":"<p><span data-sheets-root=\"1\">Hochwertige passierte Tomaten aus kontrolliert biologischem Anbau, ohne Zuckerzusatz \u2013 enth\u00e4lt nur von Natur aus vorhandene Zucker. Ideal f\u00fcr eine Vielzahl von Tomatensaucen, Cremesuppen und Pizzen. Passt hervorragend zu Kurkuma und Knoblauch sowie zu mediterranen Kr\u00e4utern.<\/span><\/p>\n","protected":false},"featured_media":10656,"comment_status":"open","ping_status":"closed","template":"","meta":{"inline_featured_image":false},"product_brand":[],"product_cat":[155],"product_tag":[],"class_list":{"0":"post-9184","1":"product","2":"type-product","3":"status-publish","4":"has-post-thumbnail","6":"product_cat-umaci-i-povrce","8":"first","9":"instock","10":"taxable","11":"shipping-taxable","12":"purchasable","13":"product-type-simple"},"yoast_head":"<!-- This site is optimized with the Yoast SEO plugin v26.1 - https:\/\/yoast.com\/wordpress\/plugins\/seo\/ -->\n<title>Bio-passierte Tomaten 530 g | Chiavalon<\/title>\n<meta name=\"description\" content=\"Chiavalon 100 % Bio-Passata (530 g) aus dem Ra\u0161a-Tal. Ohne Zusatzstoffe und Zucker, ideal f\u00fcr hausgemachte So\u00dfen, Suppen und Pizzen. Jetzt online bestellen!\" \/>\n<meta name=\"robots\" content=\"index, follow, max-snippet:-1, max-image-preview:large, max-video-preview:-1\" \/>\n<link rel=\"canonical\" href=\"https:\/\/chiavalon.hr\/de\/proizvod\/eko-pasirana-rajcica-530g\/\" \/>\n<meta property=\"og:locale\" content=\"de_DE\" \/>\n<meta property=\"og:type\" content=\"article\" \/>\n<meta property=\"og:title\" content=\"Bio-passierte Tomaten 530 g | Chiavalon\" \/>\n<meta property=\"og:description\" content=\"Chiavalon 100 % Bio-Passata (530 g) aus dem Ra\u0161a-Tal. Ohne Zusatzstoffe und Zucker, ideal f\u00fcr hausgemachte So\u00dfen, Suppen und Pizzen. Jetzt online bestellen!\" \/>\n<meta property=\"og:url\" content=\"https:\/\/chiavalon.hr\/de\/proizvod\/eko-pasirana-rajcica-530g\/\" \/>\n<meta property=\"og:site_name\" content=\"Chiavalon\" \/>\n<meta property=\"article:modified_time\" content=\"2026-03-26T11:55:00+00:00\" \/>\n<meta property=\"og:image\" content=\"https:\/\/chiavalon.hr\/wp-content\/uploads\/2025\/11\/Chiavalon-eko-pasirana-rajcica-1.webp\" \/>\n\t<meta property=\"og:image:width\" content=\"1000\" \/>\n\t<meta property=\"og:image:height\" content=\"1000\" \/>\n\t<meta property=\"og:image:type\" content=\"image\/webp\" \/>\n<meta name=\"twitter:card\" content=\"summary_large_image\" \/>\n<meta name=\"twitter:label1\" content=\"Gesch\u00e4tzte Lesezeit\" \/>\n\t<meta name=\"twitter:data1\" content=\"1\u00a0Minute\" \/>\n<script type=\"application\/ld+json\" class=\"yoast-schema-graph\">{\"@context\":\"https:\/\/schema.org\",\"@graph\":[{\"@type\":\"WebPage\",\"@id\":\"https:\/\/chiavalon.hr\/de\/proizvod\/eko-pasirana-rajcica-530g\/\",\"url\":\"https:\/\/chiavalon.hr\/de\/proizvod\/eko-pasirana-rajcica-530g\/\",\"name\":\"Bio-passierte Tomaten 530 g | Chiavalon\",\"isPartOf\":{\"@id\":\"https:\/\/chiavalon.hr\/#website\"},\"primaryImageOfPage\":{\"@id\":\"https:\/\/chiavalon.hr\/de\/proizvod\/eko-pasirana-rajcica-530g\/#primaryimage\"},\"image\":{\"@id\":\"https:\/\/chiavalon.hr\/de\/proizvod\/eko-pasirana-rajcica-530g\/#primaryimage\"},\"thumbnailUrl\":\"https:\/\/chiavalon.hr\/wp-content\/uploads\/2025\/11\/Chiavalon-eko-pasirana-rajcica-1.webp\",\"datePublished\":\"2025-11-26T11:51:07+00:00\",\"dateModified\":\"2026-03-26T11:55:00+00:00\",\"description\":\"Chiavalon 100 % Bio-Passata (530 g) aus dem Ra\u0161a-Tal. Ohne Zusatzstoffe und Zucker, ideal f\u00fcr hausgemachte So\u00dfen, Suppen und Pizzen. Jetzt online bestellen!\",\"breadcrumb\":{\"@id\":\"https:\/\/chiavalon.hr\/de\/proizvod\/eko-pasirana-rajcica-530g\/#breadcrumb\"},\"inLanguage\":\"de\",\"potentialAction\":[{\"@type\":\"ReadAction\",\"target\":[\"https:\/\/chiavalon.hr\/de\/proizvod\/eko-pasirana-rajcica-530g\/\"]}]},{\"@type\":\"ImageObject\",\"inLanguage\":\"de\",\"@id\":\"https:\/\/chiavalon.hr\/de\/proizvod\/eko-pasirana-rajcica-530g\/#primaryimage\",\"url\":\"https:\/\/chiavalon.hr\/wp-content\/uploads\/2025\/11\/Chiavalon-eko-pasirana-rajcica-1.webp\",\"contentUrl\":\"https:\/\/chiavalon.hr\/wp-content\/uploads\/2025\/11\/Chiavalon-eko-pasirana-rajcica-1.webp\",\"width\":1000,\"height\":1000},{\"@type\":\"BreadcrumbList\",\"@id\":\"https:\/\/chiavalon.hr\/de\/proizvod\/eko-pasirana-rajcica-530g\/#breadcrumb\",\"itemListElement\":[{\"@type\":\"ListItem\",\"position\":1,\"name\":\"Home\",\"item\":\"https:\/\/chiavalon.hr\/de\/chiavalon\/\"},{\"@type\":\"ListItem\",\"position\":2,\"name\":\"Bio Passierte Tomaten 530g\"}]},{\"@type\":\"WebSite\",\"@id\":\"https:\/\/chiavalon.hr\/#website\",\"url\":\"https:\/\/chiavalon.hr\/\",\"name\":\"Chiavalon\",\"description\":\"\",\"potentialAction\":[{\"@type\":\"SearchAction\",\"target\":{\"@type\":\"EntryPoint\",\"urlTemplate\":\"https:\/\/chiavalon.hr\/?s={search_term_string}\"},\"query-input\":{\"@type\":\"PropertyValueSpecification\",\"valueRequired\":true,\"valueName\":\"search_term_string\"}}],\"inLanguage\":\"de\"}]}<\/script>\n<!-- \/ Yoast SEO plugin. -->","yoast_head_json":{"title":"Bio-passierte Tomaten 530 g | Chiavalon","description":"Chiavalon 100 % Bio-Passata (530 g) aus dem Ra\u0161a-Tal. Ohne Zusatzstoffe und Zucker, ideal f\u00fcr hausgemachte So\u00dfen, Suppen und Pizzen. Jetzt online bestellen!","robots":{"index":"index","follow":"follow","max-snippet":"max-snippet:-1","max-image-preview":"max-image-preview:large","max-video-preview":"max-video-preview:-1"},"canonical":"https:\/\/chiavalon.hr\/de\/proizvod\/eko-pasirana-rajcica-530g\/","og_locale":"de_DE","og_type":"article","og_title":"Bio-passierte Tomaten 530 g | Chiavalon","og_description":"Chiavalon 100 % Bio-Passata (530 g) aus dem Ra\u0161a-Tal. Ohne Zusatzstoffe und Zucker, ideal f\u00fcr hausgemachte So\u00dfen, Suppen und Pizzen. Jetzt online bestellen!","og_url":"https:\/\/chiavalon.hr\/de\/proizvod\/eko-pasirana-rajcica-530g\/","og_site_name":"Chiavalon","article_modified_time":"2026-03-26T11:55:00+00:00","og_image":[{"width":1000,"height":1000,"url":"https:\/\/chiavalon.hr\/wp-content\/uploads\/2025\/11\/Chiavalon-eko-pasirana-rajcica-1.webp","type":"image\/webp"}],"twitter_card":"summary_large_image","twitter_misc":{"Gesch\u00e4tzte Lesezeit":"1\u00a0Minute"},"schema":{"@context":"https:\/\/schema.org","@graph":[{"@type":"WebPage","@id":"https:\/\/chiavalon.hr\/de\/proizvod\/eko-pasirana-rajcica-530g\/","url":"https:\/\/chiavalon.hr\/de\/proizvod\/eko-pasirana-rajcica-530g\/","name":"Bio-passierte Tomaten 530 g | Chiavalon","isPartOf":{"@id":"https:\/\/chiavalon.hr\/#website"},"primaryImageOfPage":{"@id":"https:\/\/chiavalon.hr\/de\/proizvod\/eko-pasirana-rajcica-530g\/#primaryimage"},"image":{"@id":"https:\/\/chiavalon.hr\/de\/proizvod\/eko-pasirana-rajcica-530g\/#primaryimage"},"thumbnailUrl":"https:\/\/chiavalon.hr\/wp-content\/uploads\/2025\/11\/Chiavalon-eko-pasirana-rajcica-1.webp","datePublished":"2025-11-26T11:51:07+00:00","dateModified":"2026-03-26T11:55:00+00:00","description":"Chiavalon 100 % Bio-Passata (530 g) aus dem Ra\u0161a-Tal. Ohne Zusatzstoffe und Zucker, ideal f\u00fcr hausgemachte So\u00dfen, Suppen und Pizzen. Jetzt online bestellen!","breadcrumb":{"@id":"https:\/\/chiavalon.hr\/de\/proizvod\/eko-pasirana-rajcica-530g\/#breadcrumb"},"inLanguage":"de","potentialAction":[{"@type":"ReadAction","target":["https:\/\/chiavalon.hr\/de\/proizvod\/eko-pasirana-rajcica-530g\/"]}]},{"@type":"ImageObject","inLanguage":"de","@id":"https:\/\/chiavalon.hr\/de\/proizvod\/eko-pasirana-rajcica-530g\/#primaryimage","url":"https:\/\/chiavalon.hr\/wp-content\/uploads\/2025\/11\/Chiavalon-eko-pasirana-rajcica-1.webp","contentUrl":"https:\/\/chiavalon.hr\/wp-content\/uploads\/2025\/11\/Chiavalon-eko-pasirana-rajcica-1.webp","width":1000,"height":1000},{"@type":"BreadcrumbList","@id":"https:\/\/chiavalon.hr\/de\/proizvod\/eko-pasirana-rajcica-530g\/#breadcrumb","itemListElement":[{"@type":"ListItem","position":1,"name":"Home","item":"https:\/\/chiavalon.hr\/de\/chiavalon\/"},{"@type":"ListItem","position":2,"name":"Bio Passierte Tomaten 530g"}]},{"@type":"WebSite","@id":"https:\/\/chiavalon.hr\/#website","url":"https:\/\/chiavalon.hr\/","name":"Chiavalon","description":"","potentialAction":[{"@type":"SearchAction","target":{"@type":"EntryPoint","urlTemplate":"https:\/\/chiavalon.hr\/?s={search_term_string}"},"query-input":{"@type":"PropertyValueSpecification","valueRequired":true,"valueName":"search_term_string"}}],"inLanguage":"de"}]}},"_links":{"self":[{"href":"https:\/\/chiavalon.hr\/de\/wp-json\/wp\/v2\/product\/9184","targetHints":{"allow":["GET"]}}],"collection":[{"href":"https:\/\/chiavalon.hr\/de\/wp-json\/wp\/v2\/product"}],"about":[{"href":"https:\/\/chiavalon.hr\/de\/wp-json\/wp\/v2\/types\/product"}],"replies":[{"embeddable":true,"href":"https:\/\/chiavalon.hr\/de\/wp-json\/wp\/v2\/comments?post=9184"}],"wp:featuredmedia":[{"embeddable":true,"href":"https:\/\/chiavalon.hr\/de\/wp-json\/wp\/v2\/media\/10656"}],"wp:attachment":[{"href":"https:\/\/chiavalon.hr\/de\/wp-json\/wp\/v2\/media?parent=9184"}],"wp:term":[{"taxonomy":"product_brand","embeddable":true,"href":"https:\/\/chiavalon.hr\/de\/wp-json\/wp\/v2\/product_brand?post=9184"},{"taxonomy":"product_cat","embeddable":true,"href":"https:\/\/chiavalon.hr\/de\/wp-json\/wp\/v2\/product_cat?post=9184"},{"taxonomy":"product_tag","embeddable":true,"href":"https:\/\/chiavalon.hr\/de\/wp-json\/wp\/v2\/product_tag?post=9184"}],"curies":[{"name":"wp","href":"https:\/\/api.w.org\/{rel}","templated":true}]}}