{"id":9181,"date":"2025-11-26T11:56:25","date_gmt":"2025-11-26T10:56:25","guid":{"rendered":"https:\/\/chiavalon.hr\/proizvod\/chiavalon-sapun-50g\/"},"modified":"2026-04-10T11:49:19","modified_gmt":"2026-04-10T10:49:19","slug":"chiavalon-sapun-50g","status":"publish","type":"product","link":"https:\/\/chiavalon.hr\/de\/proizvod\/chiavalon-sapun-50g\/","title":{"rendered":"Chiavalon Seife 50g"},"content":{"rendered":"","protected":false},"excerpt":{"rendered":"<p><span data-sheets-root=\"1\">Nat\u00fcrliche Handseife mit Organic Chiavalon-Oliven\u00f6l, geeignet f\u00fcr alle Hauttypen. Dank der pflegenden Eigenschaften von Oliven\u00f6l und Sheabutter reinigt sie sanft, ohne die Haut auszutrocknen. Im Gegensatz zu herk\u00f6mmlichen festen Seifen mit einem pH-Wert von 9\u201310 besitzt diese Seife einen ausgeglichenen pH-Wert von 7 und ist dadurch besonders schonend und f\u00fcr den t\u00e4glichen Gebrauch geeignet. 100 % vegan und glutenfrei. Hergestellt in Italien, in einer zertifizierten Manufaktur f\u00fcr hochwertige Kosmetik.<\/span><\/p>\n","protected":false},"featured_media":11000,"comment_status":"open","ping_status":"closed","template":"","meta":{"inline_featured_image":false},"product_brand":[],"product_cat":[164],"product_tag":[],"class_list":{"0":"post-9181","1":"product","2":"type-product","3":"status-publish","4":"has-post-thumbnail","6":"product_cat-kozmetika","8":"first","9":"instock","10":"taxable","11":"shipping-taxable","12":"purchasable","13":"product-type-simple"},"yoast_head":"<!-- This site is optimized with the Yoast SEO plugin v26.1 - https:\/\/yoast.com\/wordpress\/plugins\/seo\/ -->\n<title>Chiavalon Oliven\u00f6l-Handseife 50 g | Chiavalon<\/title>\n<meta name=\"description\" content=\"Chiavalon Naturseife mit Organic-Oliven\u00f6l und Sheabutter bietet Feuchtigkeit ohne Austrocknung. 100 % veganes Produkt von weltweiter Premium-Qualit\u00e4t. Jetzt bestellen!\" \/>\n<meta name=\"robots\" content=\"index, follow, max-snippet:-1, max-image-preview:large, max-video-preview:-1\" \/>\n<link rel=\"canonical\" href=\"https:\/\/chiavalon.hr\/de\/proizvod\/chiavalon-sapun-50g\/\" \/>\n<meta property=\"og:locale\" content=\"de_DE\" \/>\n<meta property=\"og:type\" content=\"article\" \/>\n<meta property=\"og:title\" content=\"Chiavalon Oliven\u00f6l-Handseife 50 g | Chiavalon\" \/>\n<meta property=\"og:description\" content=\"Chiavalon Naturseife mit Organic-Oliven\u00f6l und Sheabutter bietet Feuchtigkeit ohne Austrocknung. 100 % veganes Produkt von weltweiter Premium-Qualit\u00e4t. Jetzt bestellen!\" \/>\n<meta property=\"og:url\" content=\"https:\/\/chiavalon.hr\/de\/proizvod\/chiavalon-sapun-50g\/\" \/>\n<meta property=\"og:site_name\" content=\"Chiavalon\" \/>\n<meta property=\"article:modified_time\" content=\"2026-04-10T10:49:19+00:00\" \/>\n<meta property=\"og:image\" content=\"https:\/\/chiavalon.hr\/wp-content\/uploads\/2025\/11\/Chiavalon-sapun.webp\" \/>\n\t<meta property=\"og:image:width\" content=\"1000\" \/>\n\t<meta property=\"og:image:height\" content=\"1000\" \/>\n\t<meta property=\"og:image:type\" content=\"image\/webp\" \/>\n<meta name=\"twitter:card\" content=\"summary_large_image\" \/>\n<meta name=\"twitter:label1\" content=\"Gesch\u00e4tzte Lesezeit\" \/>\n\t<meta name=\"twitter:data1\" content=\"1\u00a0Minute\" \/>\n<script type=\"application\/ld+json\" class=\"yoast-schema-graph\">{\"@context\":\"https:\/\/schema.org\",\"@graph\":[{\"@type\":\"WebPage\",\"@id\":\"https:\/\/chiavalon.hr\/de\/proizvod\/chiavalon-sapun-50g\/\",\"url\":\"https:\/\/chiavalon.hr\/de\/proizvod\/chiavalon-sapun-50g\/\",\"name\":\"Chiavalon Oliven\u00f6l-Handseife 50 g | Chiavalon\",\"isPartOf\":{\"@id\":\"https:\/\/chiavalon.hr\/#website\"},\"primaryImageOfPage\":{\"@id\":\"https:\/\/chiavalon.hr\/de\/proizvod\/chiavalon-sapun-50g\/#primaryimage\"},\"image\":{\"@id\":\"https:\/\/chiavalon.hr\/de\/proizvod\/chiavalon-sapun-50g\/#primaryimage\"},\"thumbnailUrl\":\"https:\/\/chiavalon.hr\/wp-content\/uploads\/2025\/11\/Chiavalon-sapun.webp\",\"datePublished\":\"2025-11-26T10:56:25+00:00\",\"dateModified\":\"2026-04-10T10:49:19+00:00\",\"description\":\"Chiavalon Naturseife mit Organic-Oliven\u00f6l und Sheabutter bietet Feuchtigkeit ohne Austrocknung. 100 % veganes Produkt von weltweiter Premium-Qualit\u00e4t. Jetzt bestellen!\",\"breadcrumb\":{\"@id\":\"https:\/\/chiavalon.hr\/de\/proizvod\/chiavalon-sapun-50g\/#breadcrumb\"},\"inLanguage\":\"de\",\"potentialAction\":[{\"@type\":\"ReadAction\",\"target\":[\"https:\/\/chiavalon.hr\/de\/proizvod\/chiavalon-sapun-50g\/\"]}]},{\"@type\":\"ImageObject\",\"inLanguage\":\"de\",\"@id\":\"https:\/\/chiavalon.hr\/de\/proizvod\/chiavalon-sapun-50g\/#primaryimage\",\"url\":\"https:\/\/chiavalon.hr\/wp-content\/uploads\/2025\/11\/Chiavalon-sapun.webp\",\"contentUrl\":\"https:\/\/chiavalon.hr\/wp-content\/uploads\/2025\/11\/Chiavalon-sapun.webp\",\"width\":1000,\"height\":1000},{\"@type\":\"BreadcrumbList\",\"@id\":\"https:\/\/chiavalon.hr\/de\/proizvod\/chiavalon-sapun-50g\/#breadcrumb\",\"itemListElement\":[{\"@type\":\"ListItem\",\"position\":1,\"name\":\"Home\",\"item\":\"https:\/\/chiavalon.hr\/de\/chiavalon\/\"},{\"@type\":\"ListItem\",\"position\":2,\"name\":\"Chiavalon Seife 50g\"}]},{\"@type\":\"WebSite\",\"@id\":\"https:\/\/chiavalon.hr\/#website\",\"url\":\"https:\/\/chiavalon.hr\/\",\"name\":\"Chiavalon\",\"description\":\"\",\"potentialAction\":[{\"@type\":\"SearchAction\",\"target\":{\"@type\":\"EntryPoint\",\"urlTemplate\":\"https:\/\/chiavalon.hr\/?s={search_term_string}\"},\"query-input\":{\"@type\":\"PropertyValueSpecification\",\"valueRequired\":true,\"valueName\":\"search_term_string\"}}],\"inLanguage\":\"de\"}]}<\/script>\n<!-- \/ Yoast SEO plugin. -->","yoast_head_json":{"title":"Chiavalon Oliven\u00f6l-Handseife 50 g | Chiavalon","description":"Chiavalon Naturseife mit Organic-Oliven\u00f6l und Sheabutter bietet Feuchtigkeit ohne Austrocknung. 100 % veganes Produkt von weltweiter Premium-Qualit\u00e4t. Jetzt bestellen!","robots":{"index":"index","follow":"follow","max-snippet":"max-snippet:-1","max-image-preview":"max-image-preview:large","max-video-preview":"max-video-preview:-1"},"canonical":"https:\/\/chiavalon.hr\/de\/proizvod\/chiavalon-sapun-50g\/","og_locale":"de_DE","og_type":"article","og_title":"Chiavalon Oliven\u00f6l-Handseife 50 g | Chiavalon","og_description":"Chiavalon Naturseife mit Organic-Oliven\u00f6l und Sheabutter bietet Feuchtigkeit ohne Austrocknung. 100 % veganes Produkt von weltweiter Premium-Qualit\u00e4t. Jetzt bestellen!","og_url":"https:\/\/chiavalon.hr\/de\/proizvod\/chiavalon-sapun-50g\/","og_site_name":"Chiavalon","article_modified_time":"2026-04-10T10:49:19+00:00","og_image":[{"width":1000,"height":1000,"url":"https:\/\/chiavalon.hr\/wp-content\/uploads\/2025\/11\/Chiavalon-sapun.webp","type":"image\/webp"}],"twitter_card":"summary_large_image","twitter_misc":{"Gesch\u00e4tzte Lesezeit":"1\u00a0Minute"},"schema":{"@context":"https:\/\/schema.org","@graph":[{"@type":"WebPage","@id":"https:\/\/chiavalon.hr\/de\/proizvod\/chiavalon-sapun-50g\/","url":"https:\/\/chiavalon.hr\/de\/proizvod\/chiavalon-sapun-50g\/","name":"Chiavalon Oliven\u00f6l-Handseife 50 g | Chiavalon","isPartOf":{"@id":"https:\/\/chiavalon.hr\/#website"},"primaryImageOfPage":{"@id":"https:\/\/chiavalon.hr\/de\/proizvod\/chiavalon-sapun-50g\/#primaryimage"},"image":{"@id":"https:\/\/chiavalon.hr\/de\/proizvod\/chiavalon-sapun-50g\/#primaryimage"},"thumbnailUrl":"https:\/\/chiavalon.hr\/wp-content\/uploads\/2025\/11\/Chiavalon-sapun.webp","datePublished":"2025-11-26T10:56:25+00:00","dateModified":"2026-04-10T10:49:19+00:00","description":"Chiavalon Naturseife mit Organic-Oliven\u00f6l und Sheabutter bietet Feuchtigkeit ohne Austrocknung. 100 % veganes Produkt von weltweiter Premium-Qualit\u00e4t. Jetzt bestellen!","breadcrumb":{"@id":"https:\/\/chiavalon.hr\/de\/proizvod\/chiavalon-sapun-50g\/#breadcrumb"},"inLanguage":"de","potentialAction":[{"@type":"ReadAction","target":["https:\/\/chiavalon.hr\/de\/proizvod\/chiavalon-sapun-50g\/"]}]},{"@type":"ImageObject","inLanguage":"de","@id":"https:\/\/chiavalon.hr\/de\/proizvod\/chiavalon-sapun-50g\/#primaryimage","url":"https:\/\/chiavalon.hr\/wp-content\/uploads\/2025\/11\/Chiavalon-sapun.webp","contentUrl":"https:\/\/chiavalon.hr\/wp-content\/uploads\/2025\/11\/Chiavalon-sapun.webp","width":1000,"height":1000},{"@type":"BreadcrumbList","@id":"https:\/\/chiavalon.hr\/de\/proizvod\/chiavalon-sapun-50g\/#breadcrumb","itemListElement":[{"@type":"ListItem","position":1,"name":"Home","item":"https:\/\/chiavalon.hr\/de\/chiavalon\/"},{"@type":"ListItem","position":2,"name":"Chiavalon Seife 50g"}]},{"@type":"WebSite","@id":"https:\/\/chiavalon.hr\/#website","url":"https:\/\/chiavalon.hr\/","name":"Chiavalon","description":"","potentialAction":[{"@type":"SearchAction","target":{"@type":"EntryPoint","urlTemplate":"https:\/\/chiavalon.hr\/?s={search_term_string}"},"query-input":{"@type":"PropertyValueSpecification","valueRequired":true,"valueName":"search_term_string"}}],"inLanguage":"de"}]}},"_links":{"self":[{"href":"https:\/\/chiavalon.hr\/de\/wp-json\/wp\/v2\/product\/9181","targetHints":{"allow":["GET"]}}],"collection":[{"href":"https:\/\/chiavalon.hr\/de\/wp-json\/wp\/v2\/product"}],"about":[{"href":"https:\/\/chiavalon.hr\/de\/wp-json\/wp\/v2\/types\/product"}],"replies":[{"embeddable":true,"href":"https:\/\/chiavalon.hr\/de\/wp-json\/wp\/v2\/comments?post=9181"}],"wp:featuredmedia":[{"embeddable":true,"href":"https:\/\/chiavalon.hr\/de\/wp-json\/wp\/v2\/media\/11000"}],"wp:attachment":[{"href":"https:\/\/chiavalon.hr\/de\/wp-json\/wp\/v2\/media?parent=9181"}],"wp:term":[{"taxonomy":"product_brand","embeddable":true,"href":"https:\/\/chiavalon.hr\/de\/wp-json\/wp\/v2\/product_brand?post=9181"},{"taxonomy":"product_cat","embeddable":true,"href":"https:\/\/chiavalon.hr\/de\/wp-json\/wp\/v2\/product_cat?post=9181"},{"taxonomy":"product_tag","embeddable":true,"href":"https:\/\/chiavalon.hr\/de\/wp-json\/wp\/v2\/product_tag?post=9181"}],"curies":[{"name":"wp","href":"https:\/\/api.w.org\/{rel}","templated":true}]}}