{"id":9175,"date":"2025-11-26T11:52:46","date_gmt":"2025-11-26T10:52:46","guid":{"rendered":"https:\/\/chiavalon.hr\/proizvod\/ulje-od-kantariona-30ml\/"},"modified":"2026-03-26T13:08:06","modified_gmt":"2026-03-26T12:08:06","slug":"ulje-od-kantariona-30ml","status":"publish","type":"product","link":"https:\/\/chiavalon.hr\/de\/proizvod\/ulje-od-kantariona-30ml\/","title":{"rendered":"Johanniskraut\u00f6l 30ml"},"content":{"rendered":"","protected":false},"excerpt":{"rendered":"<p><span data-sheets-root=\"1\">Johanniskraut\u00f6l ist ein nat\u00fcrlicher \u00d6lauszug aus Hypericum perforatum in kaltgepresstem nativem Oliven\u00f6l extra. Aufgrund seiner heilenden Eigenschaften wird es traditionell zur schnelleren Genesung kleiner Wunden, Sch\u00fcrfwunden und oberfl\u00e4chlicher Verbrennungen sowie zur Pflege empfindlicher Haut verwendet. Das Oliven\u00f6l n\u00e4hrt und regeneriert zus\u00e4tzlich die Haut, sodass sie weich und gepflegt bleibt. Nur zur \u00e4u\u00dferlichen Anwendung. Sonnenbestrahlung nach der Anwendung vermeiden.<\/span><\/p>\n","protected":false},"featured_media":11004,"comment_status":"open","ping_status":"closed","template":"","meta":{"inline_featured_image":false},"product_brand":[],"product_cat":[164],"product_tag":[],"class_list":{"0":"post-9175","1":"product","2":"type-product","3":"status-publish","4":"has-post-thumbnail","6":"product_cat-kozmetika","8":"first","9":"instock","10":"taxable","11":"shipping-taxable","12":"purchasable","13":"product-type-simple"},"yoast_head":"<!-- This site is optimized with the Yoast SEO plugin v26.1 - https:\/\/yoast.com\/wordpress\/plugins\/seo\/ -->\n<title>Johanniskraut\u00f6l 30 ml | Chiavalon<\/title>\n<meta name=\"description\" content=\"Chiavalon Johanniskraut\u00f6l: Johanniskraut in nativem Oliven\u00f6l extra. Ideal zur Wundheilung, bei Verbrennungen und zur Pflege empfindlicher Haut. Jetzt bestellen!\" \/>\n<meta name=\"robots\" content=\"index, follow, max-snippet:-1, max-image-preview:large, max-video-preview:-1\" \/>\n<link rel=\"canonical\" href=\"https:\/\/chiavalon.hr\/de\/proizvod\/ulje-od-kantariona-30ml\/\" \/>\n<meta property=\"og:locale\" content=\"de_DE\" \/>\n<meta property=\"og:type\" content=\"article\" \/>\n<meta property=\"og:title\" content=\"Johanniskraut\u00f6l 30 ml | Chiavalon\" \/>\n<meta property=\"og:description\" content=\"Chiavalon Johanniskraut\u00f6l: Johanniskraut in nativem Oliven\u00f6l extra. Ideal zur Wundheilung, bei Verbrennungen und zur Pflege empfindlicher Haut. Jetzt bestellen!\" \/>\n<meta property=\"og:url\" content=\"https:\/\/chiavalon.hr\/de\/proizvod\/ulje-od-kantariona-30ml\/\" \/>\n<meta property=\"og:site_name\" content=\"Chiavalon\" \/>\n<meta property=\"article:modified_time\" content=\"2026-03-26T12:08:06+00:00\" \/>\n<meta property=\"og:image\" content=\"https:\/\/chiavalon.hr\/wp-content\/uploads\/2025\/11\/Chiavalon-ulje-od-kantariona.webp\" \/>\n\t<meta property=\"og:image:width\" content=\"1000\" \/>\n\t<meta property=\"og:image:height\" content=\"1000\" \/>\n\t<meta property=\"og:image:type\" content=\"image\/webp\" \/>\n<meta name=\"twitter:card\" content=\"summary_large_image\" \/>\n<meta name=\"twitter:label1\" content=\"Gesch\u00e4tzte Lesezeit\" \/>\n\t<meta name=\"twitter:data1\" content=\"1\u00a0Minute\" \/>\n<script type=\"application\/ld+json\" class=\"yoast-schema-graph\">{\"@context\":\"https:\/\/schema.org\",\"@graph\":[{\"@type\":\"WebPage\",\"@id\":\"https:\/\/chiavalon.hr\/de\/proizvod\/ulje-od-kantariona-30ml\/\",\"url\":\"https:\/\/chiavalon.hr\/de\/proizvod\/ulje-od-kantariona-30ml\/\",\"name\":\"Johanniskraut\u00f6l 30 ml | Chiavalon\",\"isPartOf\":{\"@id\":\"https:\/\/chiavalon.hr\/#website\"},\"primaryImageOfPage\":{\"@id\":\"https:\/\/chiavalon.hr\/de\/proizvod\/ulje-od-kantariona-30ml\/#primaryimage\"},\"image\":{\"@id\":\"https:\/\/chiavalon.hr\/de\/proizvod\/ulje-od-kantariona-30ml\/#primaryimage\"},\"thumbnailUrl\":\"https:\/\/chiavalon.hr\/wp-content\/uploads\/2025\/11\/Chiavalon-ulje-od-kantariona.webp\",\"datePublished\":\"2025-11-26T10:52:46+00:00\",\"dateModified\":\"2026-03-26T12:08:06+00:00\",\"description\":\"Chiavalon Johanniskraut\u00f6l: Johanniskraut in nativem Oliven\u00f6l extra. Ideal zur Wundheilung, bei Verbrennungen und zur Pflege empfindlicher Haut. Jetzt bestellen!\",\"breadcrumb\":{\"@id\":\"https:\/\/chiavalon.hr\/de\/proizvod\/ulje-od-kantariona-30ml\/#breadcrumb\"},\"inLanguage\":\"de\",\"potentialAction\":[{\"@type\":\"ReadAction\",\"target\":[\"https:\/\/chiavalon.hr\/de\/proizvod\/ulje-od-kantariona-30ml\/\"]}]},{\"@type\":\"ImageObject\",\"inLanguage\":\"de\",\"@id\":\"https:\/\/chiavalon.hr\/de\/proizvod\/ulje-od-kantariona-30ml\/#primaryimage\",\"url\":\"https:\/\/chiavalon.hr\/wp-content\/uploads\/2025\/11\/Chiavalon-ulje-od-kantariona.webp\",\"contentUrl\":\"https:\/\/chiavalon.hr\/wp-content\/uploads\/2025\/11\/Chiavalon-ulje-od-kantariona.webp\",\"width\":1000,\"height\":1000},{\"@type\":\"BreadcrumbList\",\"@id\":\"https:\/\/chiavalon.hr\/de\/proizvod\/ulje-od-kantariona-30ml\/#breadcrumb\",\"itemListElement\":[{\"@type\":\"ListItem\",\"position\":1,\"name\":\"Home\",\"item\":\"https:\/\/chiavalon.hr\/de\/chiavalon\/\"},{\"@type\":\"ListItem\",\"position\":2,\"name\":\"Johanniskraut\u00f6l 30ml\"}]},{\"@type\":\"WebSite\",\"@id\":\"https:\/\/chiavalon.hr\/#website\",\"url\":\"https:\/\/chiavalon.hr\/\",\"name\":\"Chiavalon\",\"description\":\"\",\"potentialAction\":[{\"@type\":\"SearchAction\",\"target\":{\"@type\":\"EntryPoint\",\"urlTemplate\":\"https:\/\/chiavalon.hr\/?s={search_term_string}\"},\"query-input\":{\"@type\":\"PropertyValueSpecification\",\"valueRequired\":true,\"valueName\":\"search_term_string\"}}],\"inLanguage\":\"de\"}]}<\/script>\n<!-- \/ Yoast SEO plugin. -->","yoast_head_json":{"title":"Johanniskraut\u00f6l 30 ml | Chiavalon","description":"Chiavalon Johanniskraut\u00f6l: Johanniskraut in nativem Oliven\u00f6l extra. Ideal zur Wundheilung, bei Verbrennungen und zur Pflege empfindlicher Haut. Jetzt bestellen!","robots":{"index":"index","follow":"follow","max-snippet":"max-snippet:-1","max-image-preview":"max-image-preview:large","max-video-preview":"max-video-preview:-1"},"canonical":"https:\/\/chiavalon.hr\/de\/proizvod\/ulje-od-kantariona-30ml\/","og_locale":"de_DE","og_type":"article","og_title":"Johanniskraut\u00f6l 30 ml | Chiavalon","og_description":"Chiavalon Johanniskraut\u00f6l: Johanniskraut in nativem Oliven\u00f6l extra. Ideal zur Wundheilung, bei Verbrennungen und zur Pflege empfindlicher Haut. Jetzt bestellen!","og_url":"https:\/\/chiavalon.hr\/de\/proizvod\/ulje-od-kantariona-30ml\/","og_site_name":"Chiavalon","article_modified_time":"2026-03-26T12:08:06+00:00","og_image":[{"width":1000,"height":1000,"url":"https:\/\/chiavalon.hr\/wp-content\/uploads\/2025\/11\/Chiavalon-ulje-od-kantariona.webp","type":"image\/webp"}],"twitter_card":"summary_large_image","twitter_misc":{"Gesch\u00e4tzte Lesezeit":"1\u00a0Minute"},"schema":{"@context":"https:\/\/schema.org","@graph":[{"@type":"WebPage","@id":"https:\/\/chiavalon.hr\/de\/proizvod\/ulje-od-kantariona-30ml\/","url":"https:\/\/chiavalon.hr\/de\/proizvod\/ulje-od-kantariona-30ml\/","name":"Johanniskraut\u00f6l 30 ml | Chiavalon","isPartOf":{"@id":"https:\/\/chiavalon.hr\/#website"},"primaryImageOfPage":{"@id":"https:\/\/chiavalon.hr\/de\/proizvod\/ulje-od-kantariona-30ml\/#primaryimage"},"image":{"@id":"https:\/\/chiavalon.hr\/de\/proizvod\/ulje-od-kantariona-30ml\/#primaryimage"},"thumbnailUrl":"https:\/\/chiavalon.hr\/wp-content\/uploads\/2025\/11\/Chiavalon-ulje-od-kantariona.webp","datePublished":"2025-11-26T10:52:46+00:00","dateModified":"2026-03-26T12:08:06+00:00","description":"Chiavalon Johanniskraut\u00f6l: Johanniskraut in nativem Oliven\u00f6l extra. Ideal zur Wundheilung, bei Verbrennungen und zur Pflege empfindlicher Haut. Jetzt bestellen!","breadcrumb":{"@id":"https:\/\/chiavalon.hr\/de\/proizvod\/ulje-od-kantariona-30ml\/#breadcrumb"},"inLanguage":"de","potentialAction":[{"@type":"ReadAction","target":["https:\/\/chiavalon.hr\/de\/proizvod\/ulje-od-kantariona-30ml\/"]}]},{"@type":"ImageObject","inLanguage":"de","@id":"https:\/\/chiavalon.hr\/de\/proizvod\/ulje-od-kantariona-30ml\/#primaryimage","url":"https:\/\/chiavalon.hr\/wp-content\/uploads\/2025\/11\/Chiavalon-ulje-od-kantariona.webp","contentUrl":"https:\/\/chiavalon.hr\/wp-content\/uploads\/2025\/11\/Chiavalon-ulje-od-kantariona.webp","width":1000,"height":1000},{"@type":"BreadcrumbList","@id":"https:\/\/chiavalon.hr\/de\/proizvod\/ulje-od-kantariona-30ml\/#breadcrumb","itemListElement":[{"@type":"ListItem","position":1,"name":"Home","item":"https:\/\/chiavalon.hr\/de\/chiavalon\/"},{"@type":"ListItem","position":2,"name":"Johanniskraut\u00f6l 30ml"}]},{"@type":"WebSite","@id":"https:\/\/chiavalon.hr\/#website","url":"https:\/\/chiavalon.hr\/","name":"Chiavalon","description":"","potentialAction":[{"@type":"SearchAction","target":{"@type":"EntryPoint","urlTemplate":"https:\/\/chiavalon.hr\/?s={search_term_string}"},"query-input":{"@type":"PropertyValueSpecification","valueRequired":true,"valueName":"search_term_string"}}],"inLanguage":"de"}]}},"_links":{"self":[{"href":"https:\/\/chiavalon.hr\/de\/wp-json\/wp\/v2\/product\/9175","targetHints":{"allow":["GET"]}}],"collection":[{"href":"https:\/\/chiavalon.hr\/de\/wp-json\/wp\/v2\/product"}],"about":[{"href":"https:\/\/chiavalon.hr\/de\/wp-json\/wp\/v2\/types\/product"}],"replies":[{"embeddable":true,"href":"https:\/\/chiavalon.hr\/de\/wp-json\/wp\/v2\/comments?post=9175"}],"wp:featuredmedia":[{"embeddable":true,"href":"https:\/\/chiavalon.hr\/de\/wp-json\/wp\/v2\/media\/11004"}],"wp:attachment":[{"href":"https:\/\/chiavalon.hr\/de\/wp-json\/wp\/v2\/media?parent=9175"}],"wp:term":[{"taxonomy":"product_brand","embeddable":true,"href":"https:\/\/chiavalon.hr\/de\/wp-json\/wp\/v2\/product_brand?post=9175"},{"taxonomy":"product_cat","embeddable":true,"href":"https:\/\/chiavalon.hr\/de\/wp-json\/wp\/v2\/product_cat?post=9175"},{"taxonomy":"product_tag","embeddable":true,"href":"https:\/\/chiavalon.hr\/de\/wp-json\/wp\/v2\/product_tag?post=9175"}],"curies":[{"name":"wp","href":"https:\/\/api.w.org\/{rel}","templated":true}]}}