{"id":9133,"date":"2025-11-26T11:40:42","date_gmt":"2025-11-26T10:40:42","guid":{"rendered":"https:\/\/chiavalon.hr\/proizvod\/majica-zenska-vise-velicina-i-boja\/"},"modified":"2026-03-26T13:02:30","modified_gmt":"2026-03-26T12:02:30","slug":"majica-zenska-vise-velicina-i-boja","status":"publish","type":"product","link":"https:\/\/chiavalon.hr\/de\/proizvod\/majica-zenska-vise-velicina-i-boja\/","title":{"rendered":"Damen T-Shirt (verschiedene Gr\u00f6\u00dfen und Farben)"},"content":{"rendered":"","protected":false},"excerpt":{"rendered":"<p><span data-sheets-root=\"1\">Bequemes Baumwoll-T-Shirt mit modernem Schnitt und Chiavalon-Logo. Ideal f\u00fcr den t\u00e4glichen Gebrauch, erh\u00e4ltlich in verschiedenen Gr\u00f6\u00dfen und Farben: t\u00fcrkis, rosa, wei\u00df, dunkelblau, olivgr\u00fcn, gelb und gr\u00fcn.<\/span><\/p>\n","protected":false},"featured_media":10756,"comment_status":"open","ping_status":"closed","template":"","meta":{"inline_featured_image":false},"product_brand":[],"product_cat":[158],"product_tag":[],"class_list":{"0":"post-9133","1":"product","2":"type-product","3":"status-publish","4":"has-post-thumbnail","6":"product_cat-roba","8":"first","9":"outofstock","10":"taxable","11":"shipping-taxable","12":"purchasable","13":"product-type-variable"},"yoast_head":"<!-- This site is optimized with the Yoast SEO plugin v26.1 - https:\/\/yoast.com\/wordpress\/plugins\/seo\/ -->\n<title>Damen-Kurzarm-T-Shirt | Chiavalon<\/title>\n<meta name=\"description\" content=\"Damen-Baumwoll-T-Shirt mit kurzen \u00c4rmeln und Chiavalon-Logo. Komfortabel, hochwertig und in 7 attraktiven Farben erh\u00e4ltlich. Jetzt online bestellen!\" \/>\n<meta name=\"robots\" content=\"index, follow, max-snippet:-1, max-image-preview:large, max-video-preview:-1\" \/>\n<link rel=\"canonical\" href=\"https:\/\/chiavalon.hr\/de\/proizvod\/majica-zenska-vise-velicina-i-boja\/\" \/>\n<meta property=\"og:locale\" content=\"de_DE\" \/>\n<meta property=\"og:type\" content=\"article\" \/>\n<meta property=\"og:title\" content=\"Damen-Kurzarm-T-Shirt | Chiavalon\" \/>\n<meta property=\"og:description\" content=\"Damen-Baumwoll-T-Shirt mit kurzen \u00c4rmeln und Chiavalon-Logo. Komfortabel, hochwertig und in 7 attraktiven Farben erh\u00e4ltlich. Jetzt online bestellen!\" \/>\n<meta property=\"og:url\" content=\"https:\/\/chiavalon.hr\/de\/proizvod\/majica-zenska-vise-velicina-i-boja\/\" \/>\n<meta property=\"og:site_name\" content=\"Chiavalon\" \/>\n<meta property=\"article:modified_time\" content=\"2026-03-26T12:02:30+00:00\" \/>\n<meta property=\"og:image\" content=\"https:\/\/chiavalon.hr\/wp-content\/uploads\/2025\/11\/Chiavalon-majica-zenska-bijela.webp\" \/>\n\t<meta property=\"og:image:width\" content=\"1000\" \/>\n\t<meta property=\"og:image:height\" content=\"1000\" \/>\n\t<meta property=\"og:image:type\" content=\"image\/webp\" \/>\n<meta name=\"twitter:card\" content=\"summary_large_image\" \/>\n<meta name=\"twitter:label1\" content=\"Gesch\u00e4tzte Lesezeit\" \/>\n\t<meta name=\"twitter:data1\" content=\"1\u00a0Minute\" \/>\n<script type=\"application\/ld+json\" class=\"yoast-schema-graph\">{\"@context\":\"https:\/\/schema.org\",\"@graph\":[{\"@type\":\"WebPage\",\"@id\":\"https:\/\/chiavalon.hr\/de\/proizvod\/majica-zenska-vise-velicina-i-boja\/\",\"url\":\"https:\/\/chiavalon.hr\/de\/proizvod\/majica-zenska-vise-velicina-i-boja\/\",\"name\":\"Damen-Kurzarm-T-Shirt | Chiavalon\",\"isPartOf\":{\"@id\":\"https:\/\/chiavalon.hr\/#website\"},\"primaryImageOfPage\":{\"@id\":\"https:\/\/chiavalon.hr\/de\/proizvod\/majica-zenska-vise-velicina-i-boja\/#primaryimage\"},\"image\":{\"@id\":\"https:\/\/chiavalon.hr\/de\/proizvod\/majica-zenska-vise-velicina-i-boja\/#primaryimage\"},\"thumbnailUrl\":\"https:\/\/chiavalon.hr\/wp-content\/uploads\/2025\/11\/Chiavalon-majica-zenska-bijela.webp\",\"datePublished\":\"2025-11-26T10:40:42+00:00\",\"dateModified\":\"2026-03-26T12:02:30+00:00\",\"description\":\"Damen-Baumwoll-T-Shirt mit kurzen \u00c4rmeln und Chiavalon-Logo. Komfortabel, hochwertig und in 7 attraktiven Farben erh\u00e4ltlich. Jetzt online bestellen!\",\"breadcrumb\":{\"@id\":\"https:\/\/chiavalon.hr\/de\/proizvod\/majica-zenska-vise-velicina-i-boja\/#breadcrumb\"},\"inLanguage\":\"de\",\"potentialAction\":[{\"@type\":\"ReadAction\",\"target\":[\"https:\/\/chiavalon.hr\/de\/proizvod\/majica-zenska-vise-velicina-i-boja\/\"]}]},{\"@type\":\"ImageObject\",\"inLanguage\":\"de\",\"@id\":\"https:\/\/chiavalon.hr\/de\/proizvod\/majica-zenska-vise-velicina-i-boja\/#primaryimage\",\"url\":\"https:\/\/chiavalon.hr\/wp-content\/uploads\/2025\/11\/Chiavalon-majica-zenska-bijela.webp\",\"contentUrl\":\"https:\/\/chiavalon.hr\/wp-content\/uploads\/2025\/11\/Chiavalon-majica-zenska-bijela.webp\",\"width\":1000,\"height\":1000},{\"@type\":\"BreadcrumbList\",\"@id\":\"https:\/\/chiavalon.hr\/de\/proizvod\/majica-zenska-vise-velicina-i-boja\/#breadcrumb\",\"itemListElement\":[{\"@type\":\"ListItem\",\"position\":1,\"name\":\"Home\",\"item\":\"https:\/\/chiavalon.hr\/de\/chiavalon\/\"},{\"@type\":\"ListItem\",\"position\":2,\"name\":\"Damen T-Shirt (verschiedene Gr\u00f6\u00dfen und Farben)\"}]},{\"@type\":\"WebSite\",\"@id\":\"https:\/\/chiavalon.hr\/#website\",\"url\":\"https:\/\/chiavalon.hr\/\",\"name\":\"Chiavalon\",\"description\":\"\",\"potentialAction\":[{\"@type\":\"SearchAction\",\"target\":{\"@type\":\"EntryPoint\",\"urlTemplate\":\"https:\/\/chiavalon.hr\/?s={search_term_string}\"},\"query-input\":{\"@type\":\"PropertyValueSpecification\",\"valueRequired\":true,\"valueName\":\"search_term_string\"}}],\"inLanguage\":\"de\"}]}<\/script>\n<!-- \/ Yoast SEO plugin. -->","yoast_head_json":{"title":"Damen-Kurzarm-T-Shirt | Chiavalon","description":"Damen-Baumwoll-T-Shirt mit kurzen \u00c4rmeln und Chiavalon-Logo. Komfortabel, hochwertig und in 7 attraktiven Farben erh\u00e4ltlich. Jetzt online bestellen!","robots":{"index":"index","follow":"follow","max-snippet":"max-snippet:-1","max-image-preview":"max-image-preview:large","max-video-preview":"max-video-preview:-1"},"canonical":"https:\/\/chiavalon.hr\/de\/proizvod\/majica-zenska-vise-velicina-i-boja\/","og_locale":"de_DE","og_type":"article","og_title":"Damen-Kurzarm-T-Shirt | Chiavalon","og_description":"Damen-Baumwoll-T-Shirt mit kurzen \u00c4rmeln und Chiavalon-Logo. Komfortabel, hochwertig und in 7 attraktiven Farben erh\u00e4ltlich. Jetzt online bestellen!","og_url":"https:\/\/chiavalon.hr\/de\/proizvod\/majica-zenska-vise-velicina-i-boja\/","og_site_name":"Chiavalon","article_modified_time":"2026-03-26T12:02:30+00:00","og_image":[{"width":1000,"height":1000,"url":"https:\/\/chiavalon.hr\/wp-content\/uploads\/2025\/11\/Chiavalon-majica-zenska-bijela.webp","type":"image\/webp"}],"twitter_card":"summary_large_image","twitter_misc":{"Gesch\u00e4tzte Lesezeit":"1\u00a0Minute"},"schema":{"@context":"https:\/\/schema.org","@graph":[{"@type":"WebPage","@id":"https:\/\/chiavalon.hr\/de\/proizvod\/majica-zenska-vise-velicina-i-boja\/","url":"https:\/\/chiavalon.hr\/de\/proizvod\/majica-zenska-vise-velicina-i-boja\/","name":"Damen-Kurzarm-T-Shirt | Chiavalon","isPartOf":{"@id":"https:\/\/chiavalon.hr\/#website"},"primaryImageOfPage":{"@id":"https:\/\/chiavalon.hr\/de\/proizvod\/majica-zenska-vise-velicina-i-boja\/#primaryimage"},"image":{"@id":"https:\/\/chiavalon.hr\/de\/proizvod\/majica-zenska-vise-velicina-i-boja\/#primaryimage"},"thumbnailUrl":"https:\/\/chiavalon.hr\/wp-content\/uploads\/2025\/11\/Chiavalon-majica-zenska-bijela.webp","datePublished":"2025-11-26T10:40:42+00:00","dateModified":"2026-03-26T12:02:30+00:00","description":"Damen-Baumwoll-T-Shirt mit kurzen \u00c4rmeln und Chiavalon-Logo. Komfortabel, hochwertig und in 7 attraktiven Farben erh\u00e4ltlich. Jetzt online bestellen!","breadcrumb":{"@id":"https:\/\/chiavalon.hr\/de\/proizvod\/majica-zenska-vise-velicina-i-boja\/#breadcrumb"},"inLanguage":"de","potentialAction":[{"@type":"ReadAction","target":["https:\/\/chiavalon.hr\/de\/proizvod\/majica-zenska-vise-velicina-i-boja\/"]}]},{"@type":"ImageObject","inLanguage":"de","@id":"https:\/\/chiavalon.hr\/de\/proizvod\/majica-zenska-vise-velicina-i-boja\/#primaryimage","url":"https:\/\/chiavalon.hr\/wp-content\/uploads\/2025\/11\/Chiavalon-majica-zenska-bijela.webp","contentUrl":"https:\/\/chiavalon.hr\/wp-content\/uploads\/2025\/11\/Chiavalon-majica-zenska-bijela.webp","width":1000,"height":1000},{"@type":"BreadcrumbList","@id":"https:\/\/chiavalon.hr\/de\/proizvod\/majica-zenska-vise-velicina-i-boja\/#breadcrumb","itemListElement":[{"@type":"ListItem","position":1,"name":"Home","item":"https:\/\/chiavalon.hr\/de\/chiavalon\/"},{"@type":"ListItem","position":2,"name":"Damen T-Shirt (verschiedene Gr\u00f6\u00dfen und Farben)"}]},{"@type":"WebSite","@id":"https:\/\/chiavalon.hr\/#website","url":"https:\/\/chiavalon.hr\/","name":"Chiavalon","description":"","potentialAction":[{"@type":"SearchAction","target":{"@type":"EntryPoint","urlTemplate":"https:\/\/chiavalon.hr\/?s={search_term_string}"},"query-input":{"@type":"PropertyValueSpecification","valueRequired":true,"valueName":"search_term_string"}}],"inLanguage":"de"}]}},"_links":{"self":[{"href":"https:\/\/chiavalon.hr\/de\/wp-json\/wp\/v2\/product\/9133","targetHints":{"allow":["GET"]}}],"collection":[{"href":"https:\/\/chiavalon.hr\/de\/wp-json\/wp\/v2\/product"}],"about":[{"href":"https:\/\/chiavalon.hr\/de\/wp-json\/wp\/v2\/types\/product"}],"replies":[{"embeddable":true,"href":"https:\/\/chiavalon.hr\/de\/wp-json\/wp\/v2\/comments?post=9133"}],"wp:featuredmedia":[{"embeddable":true,"href":"https:\/\/chiavalon.hr\/de\/wp-json\/wp\/v2\/media\/10756"}],"wp:attachment":[{"href":"https:\/\/chiavalon.hr\/de\/wp-json\/wp\/v2\/media?parent=9133"}],"wp:term":[{"taxonomy":"product_brand","embeddable":true,"href":"https:\/\/chiavalon.hr\/de\/wp-json\/wp\/v2\/product_brand?post=9133"},{"taxonomy":"product_cat","embeddable":true,"href":"https:\/\/chiavalon.hr\/de\/wp-json\/wp\/v2\/product_cat?post=9133"},{"taxonomy":"product_tag","embeddable":true,"href":"https:\/\/chiavalon.hr\/de\/wp-json\/wp\/v2\/product_tag?post=9133"}],"curies":[{"name":"wp","href":"https:\/\/api.w.org\/{rel}","templated":true}]}}