{"id":9130,"date":"2025-11-26T11:38:42","date_gmt":"2025-11-26T10:38:42","guid":{"rendered":"https:\/\/chiavalon.hr\/proizvod\/chiavalon-sapore-560g\/"},"modified":"2026-03-26T12:52:56","modified_gmt":"2026-03-26T11:52:56","slug":"chiavalon-sapore-560g","status":"publish","type":"product","link":"https:\/\/chiavalon.hr\/de\/proizvod\/chiavalon-sapore-560g\/","title":{"rendered":"Chiavalon Sapore 560g"},"content":{"rendered":"","protected":false},"excerpt":{"rendered":"<p><span data-sheets-root=\"1\">Gem\u00fcse aus lokalem Anbau, handverlesen und pasteurisiert. Eine erfrischende Mischung aus Karotten, Kohl, Zwiebeln, Sellerie, Blumenkohl und weiteren saisonalen Zutaten in einem leichten Essigsud. Ideal als Beilage oder Erg\u00e4nzung zu Gerichten.<\/span><\/p>\n","protected":false},"featured_media":10996,"comment_status":"open","ping_status":"closed","template":"","meta":{"inline_featured_image":false},"product_brand":[],"product_cat":[155],"product_tag":[],"class_list":{"0":"post-9130","1":"product","2":"type-product","3":"status-publish","4":"has-post-thumbnail","6":"product_cat-umaci-i-povrce","8":"first","9":"instock","10":"taxable","11":"shipping-taxable","12":"purchasable","13":"product-type-simple"},"yoast_head":"<!-- This site is optimized with the Yoast SEO plugin v26.1 - https:\/\/yoast.com\/wordpress\/plugins\/seo\/ -->\n<title>Chiavalon Sapore \u2013 Mischung aus gehacktem Gem\u00fcse 560 g | Chiavalon<\/title>\n<meta name=\"description\" content=\"Hausgemachte Mischung aus handgepfl\u00fccktem und pasteurisiertem Chiavalon-Sapore-Gem\u00fcse aus Istrien. Ohne Konservierungsstoffe, in leichtem Essigsud. Jetzt online bestellen!\" \/>\n<meta name=\"robots\" content=\"index, follow, max-snippet:-1, max-image-preview:large, max-video-preview:-1\" \/>\n<link rel=\"canonical\" href=\"https:\/\/chiavalon.hr\/de\/proizvod\/chiavalon-sapore-560g\/\" \/>\n<meta property=\"og:locale\" content=\"de_DE\" \/>\n<meta property=\"og:type\" content=\"article\" \/>\n<meta property=\"og:title\" content=\"Chiavalon Sapore \u2013 Mischung aus gehacktem Gem\u00fcse 560 g | Chiavalon\" \/>\n<meta property=\"og:description\" content=\"Hausgemachte Mischung aus handgepfl\u00fccktem und pasteurisiertem Chiavalon-Sapore-Gem\u00fcse aus Istrien. Ohne Konservierungsstoffe, in leichtem Essigsud. Jetzt online bestellen!\" \/>\n<meta property=\"og:url\" content=\"https:\/\/chiavalon.hr\/de\/proizvod\/chiavalon-sapore-560g\/\" \/>\n<meta property=\"og:site_name\" content=\"Chiavalon\" \/>\n<meta property=\"article:modified_time\" content=\"2026-03-26T11:52:56+00:00\" \/>\n<meta property=\"og:image\" content=\"https:\/\/chiavalon.hr\/wp-content\/uploads\/2025\/11\/Chiavalon-Sapore.webp\" \/>\n\t<meta property=\"og:image:width\" content=\"1000\" \/>\n\t<meta property=\"og:image:height\" content=\"1000\" \/>\n\t<meta property=\"og:image:type\" content=\"image\/webp\" \/>\n<meta name=\"twitter:card\" content=\"summary_large_image\" \/>\n<meta name=\"twitter:label1\" content=\"Gesch\u00e4tzte Lesezeit\" \/>\n\t<meta name=\"twitter:data1\" content=\"1\u00a0Minute\" \/>\n<script type=\"application\/ld+json\" class=\"yoast-schema-graph\">{\"@context\":\"https:\/\/schema.org\",\"@graph\":[{\"@type\":\"WebPage\",\"@id\":\"https:\/\/chiavalon.hr\/de\/proizvod\/chiavalon-sapore-560g\/\",\"url\":\"https:\/\/chiavalon.hr\/de\/proizvod\/chiavalon-sapore-560g\/\",\"name\":\"Chiavalon Sapore \u2013 Mischung aus gehacktem Gem\u00fcse 560 g | Chiavalon\",\"isPartOf\":{\"@id\":\"https:\/\/chiavalon.hr\/#website\"},\"primaryImageOfPage\":{\"@id\":\"https:\/\/chiavalon.hr\/de\/proizvod\/chiavalon-sapore-560g\/#primaryimage\"},\"image\":{\"@id\":\"https:\/\/chiavalon.hr\/de\/proizvod\/chiavalon-sapore-560g\/#primaryimage\"},\"thumbnailUrl\":\"https:\/\/chiavalon.hr\/wp-content\/uploads\/2025\/11\/Chiavalon-Sapore.webp\",\"datePublished\":\"2025-11-26T10:38:42+00:00\",\"dateModified\":\"2026-03-26T11:52:56+00:00\",\"description\":\"Hausgemachte Mischung aus handgepfl\u00fccktem und pasteurisiertem Chiavalon-Sapore-Gem\u00fcse aus Istrien. Ohne Konservierungsstoffe, in leichtem Essigsud. Jetzt online bestellen!\",\"breadcrumb\":{\"@id\":\"https:\/\/chiavalon.hr\/de\/proizvod\/chiavalon-sapore-560g\/#breadcrumb\"},\"inLanguage\":\"de\",\"potentialAction\":[{\"@type\":\"ReadAction\",\"target\":[\"https:\/\/chiavalon.hr\/de\/proizvod\/chiavalon-sapore-560g\/\"]}]},{\"@type\":\"ImageObject\",\"inLanguage\":\"de\",\"@id\":\"https:\/\/chiavalon.hr\/de\/proizvod\/chiavalon-sapore-560g\/#primaryimage\",\"url\":\"https:\/\/chiavalon.hr\/wp-content\/uploads\/2025\/11\/Chiavalon-Sapore.webp\",\"contentUrl\":\"https:\/\/chiavalon.hr\/wp-content\/uploads\/2025\/11\/Chiavalon-Sapore.webp\",\"width\":1000,\"height\":1000},{\"@type\":\"BreadcrumbList\",\"@id\":\"https:\/\/chiavalon.hr\/de\/proizvod\/chiavalon-sapore-560g\/#breadcrumb\",\"itemListElement\":[{\"@type\":\"ListItem\",\"position\":1,\"name\":\"Home\",\"item\":\"https:\/\/chiavalon.hr\/de\/chiavalon\/\"},{\"@type\":\"ListItem\",\"position\":2,\"name\":\"Chiavalon Sapore 560g\"}]},{\"@type\":\"WebSite\",\"@id\":\"https:\/\/chiavalon.hr\/#website\",\"url\":\"https:\/\/chiavalon.hr\/\",\"name\":\"Chiavalon\",\"description\":\"\",\"potentialAction\":[{\"@type\":\"SearchAction\",\"target\":{\"@type\":\"EntryPoint\",\"urlTemplate\":\"https:\/\/chiavalon.hr\/?s={search_term_string}\"},\"query-input\":{\"@type\":\"PropertyValueSpecification\",\"valueRequired\":true,\"valueName\":\"search_term_string\"}}],\"inLanguage\":\"de\"}]}<\/script>\n<!-- \/ Yoast SEO plugin. -->","yoast_head_json":{"title":"Chiavalon Sapore \u2013 Mischung aus gehacktem Gem\u00fcse 560 g | Chiavalon","description":"Hausgemachte Mischung aus handgepfl\u00fccktem und pasteurisiertem Chiavalon-Sapore-Gem\u00fcse aus Istrien. Ohne Konservierungsstoffe, in leichtem Essigsud. Jetzt online bestellen!","robots":{"index":"index","follow":"follow","max-snippet":"max-snippet:-1","max-image-preview":"max-image-preview:large","max-video-preview":"max-video-preview:-1"},"canonical":"https:\/\/chiavalon.hr\/de\/proizvod\/chiavalon-sapore-560g\/","og_locale":"de_DE","og_type":"article","og_title":"Chiavalon Sapore \u2013 Mischung aus gehacktem Gem\u00fcse 560 g | Chiavalon","og_description":"Hausgemachte Mischung aus handgepfl\u00fccktem und pasteurisiertem Chiavalon-Sapore-Gem\u00fcse aus Istrien. Ohne Konservierungsstoffe, in leichtem Essigsud. Jetzt online bestellen!","og_url":"https:\/\/chiavalon.hr\/de\/proizvod\/chiavalon-sapore-560g\/","og_site_name":"Chiavalon","article_modified_time":"2026-03-26T11:52:56+00:00","og_image":[{"width":1000,"height":1000,"url":"https:\/\/chiavalon.hr\/wp-content\/uploads\/2025\/11\/Chiavalon-Sapore.webp","type":"image\/webp"}],"twitter_card":"summary_large_image","twitter_misc":{"Gesch\u00e4tzte Lesezeit":"1\u00a0Minute"},"schema":{"@context":"https:\/\/schema.org","@graph":[{"@type":"WebPage","@id":"https:\/\/chiavalon.hr\/de\/proizvod\/chiavalon-sapore-560g\/","url":"https:\/\/chiavalon.hr\/de\/proizvod\/chiavalon-sapore-560g\/","name":"Chiavalon Sapore \u2013 Mischung aus gehacktem Gem\u00fcse 560 g | Chiavalon","isPartOf":{"@id":"https:\/\/chiavalon.hr\/#website"},"primaryImageOfPage":{"@id":"https:\/\/chiavalon.hr\/de\/proizvod\/chiavalon-sapore-560g\/#primaryimage"},"image":{"@id":"https:\/\/chiavalon.hr\/de\/proizvod\/chiavalon-sapore-560g\/#primaryimage"},"thumbnailUrl":"https:\/\/chiavalon.hr\/wp-content\/uploads\/2025\/11\/Chiavalon-Sapore.webp","datePublished":"2025-11-26T10:38:42+00:00","dateModified":"2026-03-26T11:52:56+00:00","description":"Hausgemachte Mischung aus handgepfl\u00fccktem und pasteurisiertem Chiavalon-Sapore-Gem\u00fcse aus Istrien. Ohne Konservierungsstoffe, in leichtem Essigsud. Jetzt online bestellen!","breadcrumb":{"@id":"https:\/\/chiavalon.hr\/de\/proizvod\/chiavalon-sapore-560g\/#breadcrumb"},"inLanguage":"de","potentialAction":[{"@type":"ReadAction","target":["https:\/\/chiavalon.hr\/de\/proizvod\/chiavalon-sapore-560g\/"]}]},{"@type":"ImageObject","inLanguage":"de","@id":"https:\/\/chiavalon.hr\/de\/proizvod\/chiavalon-sapore-560g\/#primaryimage","url":"https:\/\/chiavalon.hr\/wp-content\/uploads\/2025\/11\/Chiavalon-Sapore.webp","contentUrl":"https:\/\/chiavalon.hr\/wp-content\/uploads\/2025\/11\/Chiavalon-Sapore.webp","width":1000,"height":1000},{"@type":"BreadcrumbList","@id":"https:\/\/chiavalon.hr\/de\/proizvod\/chiavalon-sapore-560g\/#breadcrumb","itemListElement":[{"@type":"ListItem","position":1,"name":"Home","item":"https:\/\/chiavalon.hr\/de\/chiavalon\/"},{"@type":"ListItem","position":2,"name":"Chiavalon Sapore 560g"}]},{"@type":"WebSite","@id":"https:\/\/chiavalon.hr\/#website","url":"https:\/\/chiavalon.hr\/","name":"Chiavalon","description":"","potentialAction":[{"@type":"SearchAction","target":{"@type":"EntryPoint","urlTemplate":"https:\/\/chiavalon.hr\/?s={search_term_string}"},"query-input":{"@type":"PropertyValueSpecification","valueRequired":true,"valueName":"search_term_string"}}],"inLanguage":"de"}]}},"_links":{"self":[{"href":"https:\/\/chiavalon.hr\/de\/wp-json\/wp\/v2\/product\/9130","targetHints":{"allow":["GET"]}}],"collection":[{"href":"https:\/\/chiavalon.hr\/de\/wp-json\/wp\/v2\/product"}],"about":[{"href":"https:\/\/chiavalon.hr\/de\/wp-json\/wp\/v2\/types\/product"}],"replies":[{"embeddable":true,"href":"https:\/\/chiavalon.hr\/de\/wp-json\/wp\/v2\/comments?post=9130"}],"wp:featuredmedia":[{"embeddable":true,"href":"https:\/\/chiavalon.hr\/de\/wp-json\/wp\/v2\/media\/10996"}],"wp:attachment":[{"href":"https:\/\/chiavalon.hr\/de\/wp-json\/wp\/v2\/media?parent=9130"}],"wp:term":[{"taxonomy":"product_brand","embeddable":true,"href":"https:\/\/chiavalon.hr\/de\/wp-json\/wp\/v2\/product_brand?post=9130"},{"taxonomy":"product_cat","embeddable":true,"href":"https:\/\/chiavalon.hr\/de\/wp-json\/wp\/v2\/product_cat?post=9130"},{"taxonomy":"product_tag","embeddable":true,"href":"https:\/\/chiavalon.hr\/de\/wp-json\/wp\/v2\/product_tag?post=9130"}],"curies":[{"name":"wp","href":"https:\/\/api.w.org\/{rel}","templated":true}]}}