{"id":6055,"date":"2023-07-06T13:11:29","date_gmt":"2023-07-06T12:11:29","guid":{"rendered":"https:\/\/chiavalon.hr\/?post_type=product&#038;p=6055"},"modified":"2026-03-26T13:05:47","modified_gmt":"2026-03-26T12:05:47","slug":"premium-gift-box-gold","status":"publish","type":"product","link":"https:\/\/chiavalon.hr\/de\/proizvod\/premium-gift-box-gold\/","title":{"rendered":"Premium Geschenkbox Gold 500 ml"},"content":{"rendered":"<p style=\"font-weight: 400;\">Erh\u00f6hen Sie das Erlebnis des Schenkens mit unserer Premium Geschenkbox Gold. W\u00e4hlen Sie aus einer Auswahl von sechs au\u00dfergew\u00f6hnlichen Oliven\u00f6len, wobei jede Flasche den H\u00f6hepunkt von Geschmack und Qualit\u00e4t repr\u00e4sentiert. Bereiten Sie einer besonderen Person Freude mit einer eleganten goldenen Box, die einen Hauch von purem Luxus verspricht.<\/p>\n","protected":false},"excerpt":{"rendered":"<p>Natives Oliven\u00f6l extra 500 ml Ihrer Wahl, in einer luxuri\u00f6sen Premium Geschenkbox Gold<\/p>\n","protected":false},"featured_media":10928,"comment_status":"open","ping_status":"closed","template":"","meta":{"inline_featured_image":false},"product_brand":[],"product_cat":[115],"product_tag":[],"class_list":{"0":"post-6055","1":"product","2":"type-product","3":"status-publish","4":"has-post-thumbnail","6":"product_cat-box-de","7":"product_shipping_class-box-de","9":"first","10":"instock","11":"taxable","12":"shipping-taxable","13":"purchasable","14":"product-type-variable"},"yoast_head":"<!-- This site is optimized with the Yoast SEO plugin v26.1 - https:\/\/yoast.com\/wordpress\/plugins\/seo\/ -->\n<title>Premium goldene Geschenkbox 500 ml | Chiavalon<\/title>\n<meta name=\"description\" content=\"Luxuri\u00f6se Premium-Goldbox mit Chiavalon nativem Oliven\u00f6l extra nach Ihrer Wahl (500 ml). Elegantes und personalisiertes Geschenk. Jetzt online bestellen!\" \/>\n<meta name=\"robots\" content=\"index, follow, max-snippet:-1, max-image-preview:large, max-video-preview:-1\" \/>\n<link rel=\"canonical\" href=\"https:\/\/chiavalon.hr\/de\/proizvod\/premium-gift-box-gold\/\" \/>\n<meta property=\"og:locale\" content=\"de_DE\" \/>\n<meta property=\"og:type\" content=\"article\" \/>\n<meta property=\"og:title\" content=\"Premium goldene Geschenkbox 500 ml | Chiavalon\" \/>\n<meta property=\"og:description\" content=\"Luxuri\u00f6se Premium-Goldbox mit Chiavalon nativem Oliven\u00f6l extra nach Ihrer Wahl (500 ml). Elegantes und personalisiertes Geschenk. Jetzt online bestellen!\" \/>\n<meta property=\"og:url\" content=\"https:\/\/chiavalon.hr\/de\/proizvod\/premium-gift-box-gold\/\" \/>\n<meta property=\"og:site_name\" content=\"Chiavalon\" \/>\n<meta property=\"article:modified_time\" content=\"2026-03-26T12:05:47+00:00\" \/>\n<meta property=\"og:image\" content=\"https:\/\/chiavalon.hr\/wp-content\/uploads\/2025\/11\/Chiavalon-premium-zlatna-poklon-kutija.webp\" \/>\n\t<meta property=\"og:image:width\" content=\"1000\" \/>\n\t<meta property=\"og:image:height\" content=\"1000\" \/>\n\t<meta property=\"og:image:type\" content=\"image\/webp\" \/>\n<meta name=\"twitter:card\" content=\"summary_large_image\" \/>\n<meta name=\"twitter:label1\" content=\"Gesch\u00e4tzte Lesezeit\" \/>\n\t<meta name=\"twitter:data1\" content=\"1\u00a0Minute\" \/>\n<script type=\"application\/ld+json\" class=\"yoast-schema-graph\">{\"@context\":\"https:\/\/schema.org\",\"@graph\":[{\"@type\":\"WebPage\",\"@id\":\"https:\/\/chiavalon.hr\/de\/proizvod\/premium-gift-box-gold\/\",\"url\":\"https:\/\/chiavalon.hr\/de\/proizvod\/premium-gift-box-gold\/\",\"name\":\"Premium goldene Geschenkbox 500 ml | Chiavalon\",\"isPartOf\":{\"@id\":\"https:\/\/chiavalon.hr\/#website\"},\"primaryImageOfPage\":{\"@id\":\"https:\/\/chiavalon.hr\/de\/proizvod\/premium-gift-box-gold\/#primaryimage\"},\"image\":{\"@id\":\"https:\/\/chiavalon.hr\/de\/proizvod\/premium-gift-box-gold\/#primaryimage\"},\"thumbnailUrl\":\"https:\/\/chiavalon.hr\/wp-content\/uploads\/2025\/11\/Chiavalon-premium-zlatna-poklon-kutija.webp\",\"datePublished\":\"2023-07-06T12:11:29+00:00\",\"dateModified\":\"2026-03-26T12:05:47+00:00\",\"description\":\"Luxuri\u00f6se Premium-Goldbox mit Chiavalon nativem Oliven\u00f6l extra nach Ihrer Wahl (500 ml). Elegantes und personalisiertes Geschenk. Jetzt online bestellen!\",\"breadcrumb\":{\"@id\":\"https:\/\/chiavalon.hr\/de\/proizvod\/premium-gift-box-gold\/#breadcrumb\"},\"inLanguage\":\"de\",\"potentialAction\":[{\"@type\":\"ReadAction\",\"target\":[\"https:\/\/chiavalon.hr\/de\/proizvod\/premium-gift-box-gold\/\"]}]},{\"@type\":\"ImageObject\",\"inLanguage\":\"de\",\"@id\":\"https:\/\/chiavalon.hr\/de\/proizvod\/premium-gift-box-gold\/#primaryimage\",\"url\":\"https:\/\/chiavalon.hr\/wp-content\/uploads\/2025\/11\/Chiavalon-premium-zlatna-poklon-kutija.webp\",\"contentUrl\":\"https:\/\/chiavalon.hr\/wp-content\/uploads\/2025\/11\/Chiavalon-premium-zlatna-poklon-kutija.webp\",\"width\":1000,\"height\":1000},{\"@type\":\"BreadcrumbList\",\"@id\":\"https:\/\/chiavalon.hr\/de\/proizvod\/premium-gift-box-gold\/#breadcrumb\",\"itemListElement\":[{\"@type\":\"ListItem\",\"position\":1,\"name\":\"Home\",\"item\":\"https:\/\/chiavalon.hr\/de\/chiavalon\/\"},{\"@type\":\"ListItem\",\"position\":2,\"name\":\"Premium Geschenkbox Gold 500 ml\"}]},{\"@type\":\"WebSite\",\"@id\":\"https:\/\/chiavalon.hr\/#website\",\"url\":\"https:\/\/chiavalon.hr\/\",\"name\":\"Chiavalon\",\"description\":\"\",\"potentialAction\":[{\"@type\":\"SearchAction\",\"target\":{\"@type\":\"EntryPoint\",\"urlTemplate\":\"https:\/\/chiavalon.hr\/?s={search_term_string}\"},\"query-input\":{\"@type\":\"PropertyValueSpecification\",\"valueRequired\":true,\"valueName\":\"search_term_string\"}}],\"inLanguage\":\"de\"}]}<\/script>\n<!-- \/ Yoast SEO plugin. -->","yoast_head_json":{"title":"Premium goldene Geschenkbox 500 ml | Chiavalon","description":"Luxuri\u00f6se Premium-Goldbox mit Chiavalon nativem Oliven\u00f6l extra nach Ihrer Wahl (500 ml). Elegantes und personalisiertes Geschenk. Jetzt online bestellen!","robots":{"index":"index","follow":"follow","max-snippet":"max-snippet:-1","max-image-preview":"max-image-preview:large","max-video-preview":"max-video-preview:-1"},"canonical":"https:\/\/chiavalon.hr\/de\/proizvod\/premium-gift-box-gold\/","og_locale":"de_DE","og_type":"article","og_title":"Premium goldene Geschenkbox 500 ml | Chiavalon","og_description":"Luxuri\u00f6se Premium-Goldbox mit Chiavalon nativem Oliven\u00f6l extra nach Ihrer Wahl (500 ml). Elegantes und personalisiertes Geschenk. Jetzt online bestellen!","og_url":"https:\/\/chiavalon.hr\/de\/proizvod\/premium-gift-box-gold\/","og_site_name":"Chiavalon","article_modified_time":"2026-03-26T12:05:47+00:00","og_image":[{"width":1000,"height":1000,"url":"https:\/\/chiavalon.hr\/wp-content\/uploads\/2025\/11\/Chiavalon-premium-zlatna-poklon-kutija.webp","type":"image\/webp"}],"twitter_card":"summary_large_image","twitter_misc":{"Gesch\u00e4tzte Lesezeit":"1\u00a0Minute"},"schema":{"@context":"https:\/\/schema.org","@graph":[{"@type":"WebPage","@id":"https:\/\/chiavalon.hr\/de\/proizvod\/premium-gift-box-gold\/","url":"https:\/\/chiavalon.hr\/de\/proizvod\/premium-gift-box-gold\/","name":"Premium goldene Geschenkbox 500 ml | Chiavalon","isPartOf":{"@id":"https:\/\/chiavalon.hr\/#website"},"primaryImageOfPage":{"@id":"https:\/\/chiavalon.hr\/de\/proizvod\/premium-gift-box-gold\/#primaryimage"},"image":{"@id":"https:\/\/chiavalon.hr\/de\/proizvod\/premium-gift-box-gold\/#primaryimage"},"thumbnailUrl":"https:\/\/chiavalon.hr\/wp-content\/uploads\/2025\/11\/Chiavalon-premium-zlatna-poklon-kutija.webp","datePublished":"2023-07-06T12:11:29+00:00","dateModified":"2026-03-26T12:05:47+00:00","description":"Luxuri\u00f6se Premium-Goldbox mit Chiavalon nativem Oliven\u00f6l extra nach Ihrer Wahl (500 ml). Elegantes und personalisiertes Geschenk. Jetzt online bestellen!","breadcrumb":{"@id":"https:\/\/chiavalon.hr\/de\/proizvod\/premium-gift-box-gold\/#breadcrumb"},"inLanguage":"de","potentialAction":[{"@type":"ReadAction","target":["https:\/\/chiavalon.hr\/de\/proizvod\/premium-gift-box-gold\/"]}]},{"@type":"ImageObject","inLanguage":"de","@id":"https:\/\/chiavalon.hr\/de\/proizvod\/premium-gift-box-gold\/#primaryimage","url":"https:\/\/chiavalon.hr\/wp-content\/uploads\/2025\/11\/Chiavalon-premium-zlatna-poklon-kutija.webp","contentUrl":"https:\/\/chiavalon.hr\/wp-content\/uploads\/2025\/11\/Chiavalon-premium-zlatna-poklon-kutija.webp","width":1000,"height":1000},{"@type":"BreadcrumbList","@id":"https:\/\/chiavalon.hr\/de\/proizvod\/premium-gift-box-gold\/#breadcrumb","itemListElement":[{"@type":"ListItem","position":1,"name":"Home","item":"https:\/\/chiavalon.hr\/de\/chiavalon\/"},{"@type":"ListItem","position":2,"name":"Premium Geschenkbox Gold 500 ml"}]},{"@type":"WebSite","@id":"https:\/\/chiavalon.hr\/#website","url":"https:\/\/chiavalon.hr\/","name":"Chiavalon","description":"","potentialAction":[{"@type":"SearchAction","target":{"@type":"EntryPoint","urlTemplate":"https:\/\/chiavalon.hr\/?s={search_term_string}"},"query-input":{"@type":"PropertyValueSpecification","valueRequired":true,"valueName":"search_term_string"}}],"inLanguage":"de"}]}},"_links":{"self":[{"href":"https:\/\/chiavalon.hr\/de\/wp-json\/wp\/v2\/product\/6055","targetHints":{"allow":["GET"]}}],"collection":[{"href":"https:\/\/chiavalon.hr\/de\/wp-json\/wp\/v2\/product"}],"about":[{"href":"https:\/\/chiavalon.hr\/de\/wp-json\/wp\/v2\/types\/product"}],"replies":[{"embeddable":true,"href":"https:\/\/chiavalon.hr\/de\/wp-json\/wp\/v2\/comments?post=6055"}],"wp:featuredmedia":[{"embeddable":true,"href":"https:\/\/chiavalon.hr\/de\/wp-json\/wp\/v2\/media\/10928"}],"wp:attachment":[{"href":"https:\/\/chiavalon.hr\/de\/wp-json\/wp\/v2\/media?parent=6055"}],"wp:term":[{"taxonomy":"product_brand","embeddable":true,"href":"https:\/\/chiavalon.hr\/de\/wp-json\/wp\/v2\/product_brand?post=6055"},{"taxonomy":"product_cat","embeddable":true,"href":"https:\/\/chiavalon.hr\/de\/wp-json\/wp\/v2\/product_cat?post=6055"},{"taxonomy":"product_tag","embeddable":true,"href":"https:\/\/chiavalon.hr\/de\/wp-json\/wp\/v2\/product_tag?post=6055"}],"curies":[{"name":"wp","href":"https:\/\/api.w.org\/{rel}","templated":true}]}}