{"id":4168,"date":"2021-04-12T11:48:32","date_gmt":"2021-04-12T10:48:32","guid":{"rendered":"https:\/\/chiavalon.hr\/?post_type=product&#038;p=4168"},"modified":"2026-03-26T13:03:18","modified_gmt":"2026-03-26T12:03:18","slug":"olivenoel-6x250-ml-in-einer-holzkiste","status":"publish","type":"product","link":"https:\/\/chiavalon.hr\/de\/proizvod\/olivenoel-6x250-ml-in-einer-holzkiste\/","title":{"rendered":"Oliven\u00f6l 6\u00d7250 ml in einer Holzkiste"},"content":{"rendered":"<p>Eine Auswahl unserer Blends: Ex Albis, Organic, Istra, Mlado, Romano und Atilio. Ideal<br \/>\nals Geschenkpaket, aber auch f\u00fcr die eigene K\u00fcche. Das ideale Oliven\u00f6l zu jedem<br \/>\nGericht immer parat haben.<\/p>\n","protected":false},"excerpt":{"rendered":"<p>Eine Auswahl unserer Blends: Ex Albis, Organic, Istra, Mlado, Romano und Atilio. Ideal<br \/>\nals Geschenkpaket, aber auch f\u00fcr die eigene K\u00fcche. Das ideale Oliven\u00f6l zu jedem<br \/>\nGericht immer parat haben.<\/p>\n","protected":false},"featured_media":11177,"comment_status":"open","ping_status":"closed","template":"","meta":{"inline_featured_image":false},"product_brand":[],"product_cat":[115],"product_tag":[],"class_list":{"0":"post-4168","1":"product","2":"type-product","3":"status-publish","4":"has-post-thumbnail","6":"product_cat-box-de","7":"product_shipping_class-box-de","9":"first","10":"instock","11":"taxable","12":"shipping-taxable","13":"purchasable","14":"product-type-simple"},"yoast_head":"<!-- This site is optimized with the Yoast SEO plugin v26.1 - https:\/\/yoast.com\/wordpress\/plugins\/seo\/ -->\n<title>Natives Oliven\u00f6l extra 6\u00d7250 ml in Holzbox | Chiavalon<\/title>\n<meta name=\"description\" content=\"Exklusives Set mit allen 6 Chiavalon-Mischungen (6 x 250 ml) in einer edlen Holzbox. Entdecken Sie die ganze Vielfalt istrischer Aromen in einem Set. Jetzt als Geschenk!\" \/>\n<meta name=\"robots\" content=\"index, follow, max-snippet:-1, max-image-preview:large, max-video-preview:-1\" \/>\n<link rel=\"canonical\" href=\"https:\/\/chiavalon.hr\/de\/proizvod\/olivenoel-6x250-ml-in-einer-holzkiste\/\" \/>\n<meta property=\"og:locale\" content=\"de_DE\" \/>\n<meta property=\"og:type\" content=\"article\" \/>\n<meta property=\"og:title\" content=\"Natives Oliven\u00f6l extra 6\u00d7250 ml in Holzbox | Chiavalon\" \/>\n<meta property=\"og:description\" content=\"Exklusives Set mit allen 6 Chiavalon-Mischungen (6 x 250 ml) in einer edlen Holzbox. Entdecken Sie die ganze Vielfalt istrischer Aromen in einem Set. Jetzt als Geschenk!\" \/>\n<meta property=\"og:url\" content=\"https:\/\/chiavalon.hr\/de\/proizvod\/olivenoel-6x250-ml-in-einer-holzkiste\/\" \/>\n<meta property=\"og:site_name\" content=\"Chiavalon\" \/>\n<meta property=\"article:modified_time\" content=\"2026-03-26T12:03:18+00:00\" \/>\n<meta property=\"og:image\" content=\"https:\/\/chiavalon.hr\/wp-content\/uploads\/2021\/04\/Chiavalon-kutija-6-boca.webp\" \/>\n\t<meta property=\"og:image:width\" content=\"1000\" \/>\n\t<meta property=\"og:image:height\" content=\"1000\" \/>\n\t<meta property=\"og:image:type\" content=\"image\/webp\" \/>\n<meta name=\"twitter:card\" content=\"summary_large_image\" \/>\n<meta name=\"twitter:label1\" content=\"Gesch\u00e4tzte Lesezeit\" \/>\n\t<meta name=\"twitter:data1\" content=\"1\u00a0Minute\" \/>\n<script type=\"application\/ld+json\" class=\"yoast-schema-graph\">{\"@context\":\"https:\/\/schema.org\",\"@graph\":[{\"@type\":\"WebPage\",\"@id\":\"https:\/\/chiavalon.hr\/de\/proizvod\/olivenoel-6x250-ml-in-einer-holzkiste\/\",\"url\":\"https:\/\/chiavalon.hr\/de\/proizvod\/olivenoel-6x250-ml-in-einer-holzkiste\/\",\"name\":\"Natives Oliven\u00f6l extra 6\u00d7250 ml in Holzbox | Chiavalon\",\"isPartOf\":{\"@id\":\"https:\/\/chiavalon.hr\/#website\"},\"primaryImageOfPage\":{\"@id\":\"https:\/\/chiavalon.hr\/de\/proizvod\/olivenoel-6x250-ml-in-einer-holzkiste\/#primaryimage\"},\"image\":{\"@id\":\"https:\/\/chiavalon.hr\/de\/proizvod\/olivenoel-6x250-ml-in-einer-holzkiste\/#primaryimage\"},\"thumbnailUrl\":\"https:\/\/chiavalon.hr\/wp-content\/uploads\/2021\/04\/Chiavalon-kutija-6-boca.webp\",\"datePublished\":\"2021-04-12T10:48:32+00:00\",\"dateModified\":\"2026-03-26T12:03:18+00:00\",\"description\":\"Exklusives Set mit allen 6 Chiavalon-Mischungen (6 x 250 ml) in einer edlen Holzbox. Entdecken Sie die ganze Vielfalt istrischer Aromen in einem Set. Jetzt als Geschenk!\",\"breadcrumb\":{\"@id\":\"https:\/\/chiavalon.hr\/de\/proizvod\/olivenoel-6x250-ml-in-einer-holzkiste\/#breadcrumb\"},\"inLanguage\":\"de\",\"potentialAction\":[{\"@type\":\"ReadAction\",\"target\":[\"https:\/\/chiavalon.hr\/de\/proizvod\/olivenoel-6x250-ml-in-einer-holzkiste\/\"]}]},{\"@type\":\"ImageObject\",\"inLanguage\":\"de\",\"@id\":\"https:\/\/chiavalon.hr\/de\/proizvod\/olivenoel-6x250-ml-in-einer-holzkiste\/#primaryimage\",\"url\":\"https:\/\/chiavalon.hr\/wp-content\/uploads\/2021\/04\/Chiavalon-kutija-6-boca.webp\",\"contentUrl\":\"https:\/\/chiavalon.hr\/wp-content\/uploads\/2021\/04\/Chiavalon-kutija-6-boca.webp\",\"width\":1000,\"height\":1000},{\"@type\":\"BreadcrumbList\",\"@id\":\"https:\/\/chiavalon.hr\/de\/proizvod\/olivenoel-6x250-ml-in-einer-holzkiste\/#breadcrumb\",\"itemListElement\":[{\"@type\":\"ListItem\",\"position\":1,\"name\":\"Home\",\"item\":\"https:\/\/chiavalon.hr\/de\/chiavalon\/\"},{\"@type\":\"ListItem\",\"position\":2,\"name\":\"Oliven\u00f6l 6\u00d7250 ml in einer Holzkiste\"}]},{\"@type\":\"WebSite\",\"@id\":\"https:\/\/chiavalon.hr\/#website\",\"url\":\"https:\/\/chiavalon.hr\/\",\"name\":\"Chiavalon\",\"description\":\"\",\"potentialAction\":[{\"@type\":\"SearchAction\",\"target\":{\"@type\":\"EntryPoint\",\"urlTemplate\":\"https:\/\/chiavalon.hr\/?s={search_term_string}\"},\"query-input\":{\"@type\":\"PropertyValueSpecification\",\"valueRequired\":true,\"valueName\":\"search_term_string\"}}],\"inLanguage\":\"de\"}]}<\/script>\n<!-- \/ Yoast SEO plugin. -->","yoast_head_json":{"title":"Natives Oliven\u00f6l extra 6\u00d7250 ml in Holzbox | Chiavalon","description":"Exklusives Set mit allen 6 Chiavalon-Mischungen (6 x 250 ml) in einer edlen Holzbox. Entdecken Sie die ganze Vielfalt istrischer Aromen in einem Set. Jetzt als Geschenk!","robots":{"index":"index","follow":"follow","max-snippet":"max-snippet:-1","max-image-preview":"max-image-preview:large","max-video-preview":"max-video-preview:-1"},"canonical":"https:\/\/chiavalon.hr\/de\/proizvod\/olivenoel-6x250-ml-in-einer-holzkiste\/","og_locale":"de_DE","og_type":"article","og_title":"Natives Oliven\u00f6l extra 6\u00d7250 ml in Holzbox | Chiavalon","og_description":"Exklusives Set mit allen 6 Chiavalon-Mischungen (6 x 250 ml) in einer edlen Holzbox. Entdecken Sie die ganze Vielfalt istrischer Aromen in einem Set. Jetzt als Geschenk!","og_url":"https:\/\/chiavalon.hr\/de\/proizvod\/olivenoel-6x250-ml-in-einer-holzkiste\/","og_site_name":"Chiavalon","article_modified_time":"2026-03-26T12:03:18+00:00","og_image":[{"width":1000,"height":1000,"url":"https:\/\/chiavalon.hr\/wp-content\/uploads\/2021\/04\/Chiavalon-kutija-6-boca.webp","type":"image\/webp"}],"twitter_card":"summary_large_image","twitter_misc":{"Gesch\u00e4tzte Lesezeit":"1\u00a0Minute"},"schema":{"@context":"https:\/\/schema.org","@graph":[{"@type":"WebPage","@id":"https:\/\/chiavalon.hr\/de\/proizvod\/olivenoel-6x250-ml-in-einer-holzkiste\/","url":"https:\/\/chiavalon.hr\/de\/proizvod\/olivenoel-6x250-ml-in-einer-holzkiste\/","name":"Natives Oliven\u00f6l extra 6\u00d7250 ml in Holzbox | Chiavalon","isPartOf":{"@id":"https:\/\/chiavalon.hr\/#website"},"primaryImageOfPage":{"@id":"https:\/\/chiavalon.hr\/de\/proizvod\/olivenoel-6x250-ml-in-einer-holzkiste\/#primaryimage"},"image":{"@id":"https:\/\/chiavalon.hr\/de\/proizvod\/olivenoel-6x250-ml-in-einer-holzkiste\/#primaryimage"},"thumbnailUrl":"https:\/\/chiavalon.hr\/wp-content\/uploads\/2021\/04\/Chiavalon-kutija-6-boca.webp","datePublished":"2021-04-12T10:48:32+00:00","dateModified":"2026-03-26T12:03:18+00:00","description":"Exklusives Set mit allen 6 Chiavalon-Mischungen (6 x 250 ml) in einer edlen Holzbox. Entdecken Sie die ganze Vielfalt istrischer Aromen in einem Set. Jetzt als Geschenk!","breadcrumb":{"@id":"https:\/\/chiavalon.hr\/de\/proizvod\/olivenoel-6x250-ml-in-einer-holzkiste\/#breadcrumb"},"inLanguage":"de","potentialAction":[{"@type":"ReadAction","target":["https:\/\/chiavalon.hr\/de\/proizvod\/olivenoel-6x250-ml-in-einer-holzkiste\/"]}]},{"@type":"ImageObject","inLanguage":"de","@id":"https:\/\/chiavalon.hr\/de\/proizvod\/olivenoel-6x250-ml-in-einer-holzkiste\/#primaryimage","url":"https:\/\/chiavalon.hr\/wp-content\/uploads\/2021\/04\/Chiavalon-kutija-6-boca.webp","contentUrl":"https:\/\/chiavalon.hr\/wp-content\/uploads\/2021\/04\/Chiavalon-kutija-6-boca.webp","width":1000,"height":1000},{"@type":"BreadcrumbList","@id":"https:\/\/chiavalon.hr\/de\/proizvod\/olivenoel-6x250-ml-in-einer-holzkiste\/#breadcrumb","itemListElement":[{"@type":"ListItem","position":1,"name":"Home","item":"https:\/\/chiavalon.hr\/de\/chiavalon\/"},{"@type":"ListItem","position":2,"name":"Oliven\u00f6l 6\u00d7250 ml in einer Holzkiste"}]},{"@type":"WebSite","@id":"https:\/\/chiavalon.hr\/#website","url":"https:\/\/chiavalon.hr\/","name":"Chiavalon","description":"","potentialAction":[{"@type":"SearchAction","target":{"@type":"EntryPoint","urlTemplate":"https:\/\/chiavalon.hr\/?s={search_term_string}"},"query-input":{"@type":"PropertyValueSpecification","valueRequired":true,"valueName":"search_term_string"}}],"inLanguage":"de"}]}},"_links":{"self":[{"href":"https:\/\/chiavalon.hr\/de\/wp-json\/wp\/v2\/product\/4168","targetHints":{"allow":["GET"]}}],"collection":[{"href":"https:\/\/chiavalon.hr\/de\/wp-json\/wp\/v2\/product"}],"about":[{"href":"https:\/\/chiavalon.hr\/de\/wp-json\/wp\/v2\/types\/product"}],"replies":[{"embeddable":true,"href":"https:\/\/chiavalon.hr\/de\/wp-json\/wp\/v2\/comments?post=4168"}],"wp:featuredmedia":[{"embeddable":true,"href":"https:\/\/chiavalon.hr\/de\/wp-json\/wp\/v2\/media\/11177"}],"wp:attachment":[{"href":"https:\/\/chiavalon.hr\/de\/wp-json\/wp\/v2\/media?parent=4168"}],"wp:term":[{"taxonomy":"product_brand","embeddable":true,"href":"https:\/\/chiavalon.hr\/de\/wp-json\/wp\/v2\/product_brand?post=4168"},{"taxonomy":"product_cat","embeddable":true,"href":"https:\/\/chiavalon.hr\/de\/wp-json\/wp\/v2\/product_cat?post=4168"},{"taxonomy":"product_tag","embeddable":true,"href":"https:\/\/chiavalon.hr\/de\/wp-json\/wp\/v2\/product_tag?post=4168"}],"curies":[{"name":"wp","href":"https:\/\/api.w.org\/{rel}","templated":true}]}}