{"id":3298,"date":"2026-04-02T11:21:18","date_gmt":"2026-04-02T10:21:18","guid":{"rendered":"https:\/\/chiavalon.hr\/?post_type=product&#038;p=3298"},"modified":"2026-03-26T13:00:33","modified_gmt":"2026-03-26T12:00:33","slug":"istra","status":"publish","type":"product","link":"https:\/\/chiavalon.hr\/de\/proizvod\/istra\/","title":{"rendered":"Istra"},"content":{"rendered":"<ul>\n<li><strong>Region<\/strong>: Istrien<\/li>\n<li><strong>Ort der Produktion<\/strong>: Vodnjan<\/li>\n<li><strong>H\u00f6he<\/strong>: 80-180 \u00fcber Meeresspiegel<\/li>\n<li><strong>Typ<\/strong>: Coupage \/ Blend<\/li>\n<li><strong>Olivensorte<\/strong>: Busa, istrische Bianchera, Rosignola<\/li>\n<li><strong>Ernteverfahren<\/strong>: kombiniert; handgelesen und Nutzung von pneumatischen, handgehaltenen Olivenr\u00fcttlern<\/li>\n<li><strong>Erntezeit<\/strong>: Oktober<\/li>\n<li><strong>Verarbeitungsverfahren<\/strong>: kontinuierlicher Zyklus, 2 Phasen, direkt nach der Ernte verarbeitet<\/li>\n<li><strong>Verarbeitungstemperatur<\/strong>: max. 24 \u00b0 C<\/li>\n<li><strong>Dichte<\/strong>: ausgepr\u00e4gt<\/li>\n<li><strong>Farbton<\/strong>: intensives Gr\u00fcn<\/li>\n<li><strong>Duft<\/strong>: gr\u00fcne Oliven, Tomatenbl\u00e4tter, Basilikum, Artischocke, L\u00f6wenzahn, gr\u00fcnes Gras, gr\u00fcne Bananenschale und Frucht, gr\u00fcner Apfel<\/li>\n<li><strong>Abgang<\/strong>: Bittermandel, Haselnuss, Rucola<\/li>\n<li><strong>Geschmack<\/strong>: anhaltende Pikantheit im Rachen, die im Hals anh\u00e4lt, sanft ausgeglichen mit Bitterkeit, die sich in der Mundh\u00f6hle ausbreitet und lange anh\u00e4lt<\/li>\n<li><strong>Gastro-Empfehlung:<\/strong> H\u00fchnersalat mit getrockneten Tomaten und Feta-K\u00e4se, Tagliatelle mit Gorgonzola-Creme und ger\u00f6steten Waln\u00fcssen<\/li>\n<li>0,5l<\/li>\n<\/ul>\n","protected":false},"excerpt":{"rendered":"<p>Der neuste Blend der Chiavalon Familie ist zugleich auch das erste \u00d6l mit zwei Zertifikaten, dem istrischen Herkunftszertifikat und dem Zertifikat \u00fcber den \u00f6kologischen Landbau. Der Blend \u00fcberzeugt durch sein Aroma, ausgewogene Aromen und dem charakteristischen Geschmack der Herkunftsregion.<\/p>\n","protected":false},"featured_media":10704,"comment_status":"open","ping_status":"closed","template":"","meta":{"inline_featured_image":false},"product_brand":[],"product_cat":[112,182,149],"product_tag":[],"class_list":{"0":"post-3298","1":"product","2":"type-product","3":"status-publish","4":"has-post-thumbnail","6":"product_cat-bottle-de","7":"product_cat-olivenol","8":"product_cat-uncategorized-hr","9":"product_shipping_class-bottle-de","10":"new-product","12":"first","13":"instock","14":"taxable","15":"shipping-taxable","16":"purchasable","17":"product-type-simple"},"yoast_head":"<!-- This site is optimized with the Yoast SEO plugin v26.1 - https:\/\/yoast.com\/wordpress\/plugins\/seo\/ -->\n<title>Istra \u2013 Verkauf von heimischem Oliven\u00f6l, Istrien | Chiavalon<\/title>\n<meta name=\"description\" content=\"Chiavalon Istra natives Oliven\u00f6l extra mit Herkunftsbezeichnung (DOP) und Bio-Zertifizierung. Geschmack von Basilikum, Artischocke und gr\u00fcnem Apfel. Jetzt bestellen!\" \/>\n<meta name=\"robots\" content=\"index, follow, max-snippet:-1, max-image-preview:large, max-video-preview:-1\" \/>\n<link rel=\"canonical\" href=\"https:\/\/chiavalon.hr\/de\/proizvod\/istra\/\" \/>\n<meta property=\"og:locale\" content=\"de_DE\" \/>\n<meta property=\"og:type\" content=\"article\" \/>\n<meta property=\"og:title\" content=\"Istra \u2013 Verkauf von heimischem Oliven\u00f6l, Istrien | Chiavalon\" \/>\n<meta property=\"og:description\" content=\"Chiavalon Istra natives Oliven\u00f6l extra mit Herkunftsbezeichnung (DOP) und Bio-Zertifizierung. Geschmack von Basilikum, Artischocke und gr\u00fcnem Apfel. Jetzt bestellen!\" \/>\n<meta property=\"og:url\" content=\"https:\/\/chiavalon.hr\/de\/proizvod\/istra\/\" \/>\n<meta property=\"og:site_name\" content=\"Chiavalon\" \/>\n<meta property=\"og:image\" content=\"https:\/\/chiavalon.hr\/wp-content\/uploads\/2025\/11\/Chiavalon-Istra.webp\" \/>\n\t<meta property=\"og:image:width\" content=\"1000\" \/>\n\t<meta property=\"og:image:height\" content=\"1000\" \/>\n\t<meta property=\"og:image:type\" content=\"image\/webp\" \/>\n<meta name=\"twitter:card\" content=\"summary_large_image\" \/>\n<meta name=\"twitter:label1\" content=\"Gesch\u00e4tzte Lesezeit\" \/>\n\t<meta name=\"twitter:data1\" content=\"1\u00a0Minute\" \/>\n<script type=\"application\/ld+json\" class=\"yoast-schema-graph\">{\"@context\":\"https:\/\/schema.org\",\"@graph\":[{\"@type\":\"WebPage\",\"@id\":\"https:\/\/chiavalon.hr\/de\/proizvod\/istra\/\",\"url\":\"https:\/\/chiavalon.hr\/de\/proizvod\/istra\/\",\"name\":\"Istra \u2013 Verkauf von heimischem Oliven\u00f6l, Istrien | Chiavalon\",\"isPartOf\":{\"@id\":\"https:\/\/chiavalon.hr\/#website\"},\"primaryImageOfPage\":{\"@id\":\"https:\/\/chiavalon.hr\/de\/proizvod\/istra\/#primaryimage\"},\"image\":{\"@id\":\"https:\/\/chiavalon.hr\/de\/proizvod\/istra\/#primaryimage\"},\"thumbnailUrl\":\"https:\/\/chiavalon.hr\/wp-content\/uploads\/2025\/11\/Chiavalon-Istra.webp\",\"datePublished\":\"2026-04-02T10:21:18+00:00\",\"description\":\"Chiavalon Istra natives Oliven\u00f6l extra mit Herkunftsbezeichnung (DOP) und Bio-Zertifizierung. Geschmack von Basilikum, Artischocke und gr\u00fcnem Apfel. Jetzt bestellen!\",\"breadcrumb\":{\"@id\":\"https:\/\/chiavalon.hr\/de\/proizvod\/istra\/#breadcrumb\"},\"inLanguage\":\"de\",\"potentialAction\":[{\"@type\":\"ReadAction\",\"target\":[\"https:\/\/chiavalon.hr\/de\/proizvod\/istra\/\"]}]},{\"@type\":\"ImageObject\",\"inLanguage\":\"de\",\"@id\":\"https:\/\/chiavalon.hr\/de\/proizvod\/istra\/#primaryimage\",\"url\":\"https:\/\/chiavalon.hr\/wp-content\/uploads\/2025\/11\/Chiavalon-Istra.webp\",\"contentUrl\":\"https:\/\/chiavalon.hr\/wp-content\/uploads\/2025\/11\/Chiavalon-Istra.webp\",\"width\":1000,\"height\":1000},{\"@type\":\"BreadcrumbList\",\"@id\":\"https:\/\/chiavalon.hr\/de\/proizvod\/istra\/#breadcrumb\",\"itemListElement\":[{\"@type\":\"ListItem\",\"position\":1,\"name\":\"Home\",\"item\":\"https:\/\/chiavalon.hr\/de\/chiavalon\/\"},{\"@type\":\"ListItem\",\"position\":2,\"name\":\"Istra\"}]},{\"@type\":\"WebSite\",\"@id\":\"https:\/\/chiavalon.hr\/#website\",\"url\":\"https:\/\/chiavalon.hr\/\",\"name\":\"Chiavalon\",\"description\":\"\",\"potentialAction\":[{\"@type\":\"SearchAction\",\"target\":{\"@type\":\"EntryPoint\",\"urlTemplate\":\"https:\/\/chiavalon.hr\/?s={search_term_string}\"},\"query-input\":{\"@type\":\"PropertyValueSpecification\",\"valueRequired\":true,\"valueName\":\"search_term_string\"}}],\"inLanguage\":\"de\"}]}<\/script>\n<!-- \/ Yoast SEO plugin. -->","yoast_head_json":{"title":"Istra \u2013 Verkauf von heimischem Oliven\u00f6l, Istrien | Chiavalon","description":"Chiavalon Istra natives Oliven\u00f6l extra mit Herkunftsbezeichnung (DOP) und Bio-Zertifizierung. Geschmack von Basilikum, Artischocke und gr\u00fcnem Apfel. Jetzt bestellen!","robots":{"index":"index","follow":"follow","max-snippet":"max-snippet:-1","max-image-preview":"max-image-preview:large","max-video-preview":"max-video-preview:-1"},"canonical":"https:\/\/chiavalon.hr\/de\/proizvod\/istra\/","og_locale":"de_DE","og_type":"article","og_title":"Istra \u2013 Verkauf von heimischem Oliven\u00f6l, Istrien | Chiavalon","og_description":"Chiavalon Istra natives Oliven\u00f6l extra mit Herkunftsbezeichnung (DOP) und Bio-Zertifizierung. Geschmack von Basilikum, Artischocke und gr\u00fcnem Apfel. Jetzt bestellen!","og_url":"https:\/\/chiavalon.hr\/de\/proizvod\/istra\/","og_site_name":"Chiavalon","og_image":[{"width":1000,"height":1000,"url":"https:\/\/chiavalon.hr\/wp-content\/uploads\/2025\/11\/Chiavalon-Istra.webp","type":"image\/webp"}],"twitter_card":"summary_large_image","twitter_misc":{"Gesch\u00e4tzte Lesezeit":"1\u00a0Minute"},"schema":{"@context":"https:\/\/schema.org","@graph":[{"@type":"WebPage","@id":"https:\/\/chiavalon.hr\/de\/proizvod\/istra\/","url":"https:\/\/chiavalon.hr\/de\/proizvod\/istra\/","name":"Istra \u2013 Verkauf von heimischem Oliven\u00f6l, Istrien | Chiavalon","isPartOf":{"@id":"https:\/\/chiavalon.hr\/#website"},"primaryImageOfPage":{"@id":"https:\/\/chiavalon.hr\/de\/proizvod\/istra\/#primaryimage"},"image":{"@id":"https:\/\/chiavalon.hr\/de\/proizvod\/istra\/#primaryimage"},"thumbnailUrl":"https:\/\/chiavalon.hr\/wp-content\/uploads\/2025\/11\/Chiavalon-Istra.webp","datePublished":"2026-04-02T10:21:18+00:00","description":"Chiavalon Istra natives Oliven\u00f6l extra mit Herkunftsbezeichnung (DOP) und Bio-Zertifizierung. Geschmack von Basilikum, Artischocke und gr\u00fcnem Apfel. Jetzt bestellen!","breadcrumb":{"@id":"https:\/\/chiavalon.hr\/de\/proizvod\/istra\/#breadcrumb"},"inLanguage":"de","potentialAction":[{"@type":"ReadAction","target":["https:\/\/chiavalon.hr\/de\/proizvod\/istra\/"]}]},{"@type":"ImageObject","inLanguage":"de","@id":"https:\/\/chiavalon.hr\/de\/proizvod\/istra\/#primaryimage","url":"https:\/\/chiavalon.hr\/wp-content\/uploads\/2025\/11\/Chiavalon-Istra.webp","contentUrl":"https:\/\/chiavalon.hr\/wp-content\/uploads\/2025\/11\/Chiavalon-Istra.webp","width":1000,"height":1000},{"@type":"BreadcrumbList","@id":"https:\/\/chiavalon.hr\/de\/proizvod\/istra\/#breadcrumb","itemListElement":[{"@type":"ListItem","position":1,"name":"Home","item":"https:\/\/chiavalon.hr\/de\/chiavalon\/"},{"@type":"ListItem","position":2,"name":"Istra"}]},{"@type":"WebSite","@id":"https:\/\/chiavalon.hr\/#website","url":"https:\/\/chiavalon.hr\/","name":"Chiavalon","description":"","potentialAction":[{"@type":"SearchAction","target":{"@type":"EntryPoint","urlTemplate":"https:\/\/chiavalon.hr\/?s={search_term_string}"},"query-input":{"@type":"PropertyValueSpecification","valueRequired":true,"valueName":"search_term_string"}}],"inLanguage":"de"}]}},"_links":{"self":[{"href":"https:\/\/chiavalon.hr\/de\/wp-json\/wp\/v2\/product\/3298","targetHints":{"allow":["GET"]}}],"collection":[{"href":"https:\/\/chiavalon.hr\/de\/wp-json\/wp\/v2\/product"}],"about":[{"href":"https:\/\/chiavalon.hr\/de\/wp-json\/wp\/v2\/types\/product"}],"replies":[{"embeddable":true,"href":"https:\/\/chiavalon.hr\/de\/wp-json\/wp\/v2\/comments?post=3298"}],"wp:featuredmedia":[{"embeddable":true,"href":"https:\/\/chiavalon.hr\/de\/wp-json\/wp\/v2\/media\/10704"}],"wp:attachment":[{"href":"https:\/\/chiavalon.hr\/de\/wp-json\/wp\/v2\/media?parent=3298"}],"wp:term":[{"taxonomy":"product_brand","embeddable":true,"href":"https:\/\/chiavalon.hr\/de\/wp-json\/wp\/v2\/product_brand?post=3298"},{"taxonomy":"product_cat","embeddable":true,"href":"https:\/\/chiavalon.hr\/de\/wp-json\/wp\/v2\/product_cat?post=3298"},{"taxonomy":"product_tag","embeddable":true,"href":"https:\/\/chiavalon.hr\/de\/wp-json\/wp\/v2\/product_tag?post=3298"}],"curies":[{"name":"wp","href":"https:\/\/api.w.org\/{rel}","templated":true}]}}