{"id":2442,"date":"2019-10-01T11:46:40","date_gmt":"2019-10-01T10:46:40","guid":{"rendered":"https:\/\/chiavalon.hr\/proizvod\/chiavalon-100-bio-tomato-sauce\/"},"modified":"2026-03-26T12:51:52","modified_gmt":"2026-03-26T11:51:52","slug":"chiavalon-100-bio-tomatensauce","status":"publish","type":"product","link":"https:\/\/chiavalon.hr\/de\/proizvod\/chiavalon-100-bio-tomatensauce\/","title":{"rendered":"CHIAVALON 100% BIO TOMATENSAUCE (530g) 12x"},"content":{"rendered":"<ul>\n<li><strong>Pasteurisierte Tomatensauce aus biologischem Anbau.<\/strong><\/li>\n<li><strong>Schwestern:<\/strong> Tomate<\/li>\n<li><strong>Region:<\/strong> Istrien<\/li>\n<li><strong>Trocken und dunkel lagern<\/strong><\/li>\n<li><strong>Nach dem \u00d6ffnen bis zu 4 Tage im K\u00fchlschrank lagern<\/strong><\/li>\n<\/ul>\n","protected":false},"excerpt":{"rendered":"<p><strong><span style=\"color: #ff0000;\">Promo\u00a010% Rabatt<\/span><\/strong><\/p>\n<p><span data-sheets-root=\"1\">Hochwertige passierte Tomaten aus kontrolliert biologischem Anbau, ohne Zuckerzusatz \u2013 enth\u00e4lt nur von Natur aus vorhandene Zucker. Ideal f\u00fcr eine Vielzahl von Tomatensaucen, Cremesuppen und Pizzen. Passt hervorragend zu Kurkuma und Knoblauch sowie zu mediterranen Kr\u00e4utern.<\/span><\/p>\n","protected":false},"featured_media":2438,"comment_status":"open","ping_status":"closed","template":"","meta":{"inline_featured_image":false},"product_brand":[],"product_cat":[155],"product_tag":[],"class_list":{"0":"post-2442","1":"product","2":"type-product","3":"status-publish","4":"has-post-thumbnail","6":"product_cat-umaci-i-povrce","7":"product_shipping_class-box-de","9":"first","10":"instock","11":"sale","12":"taxable","13":"shipping-taxable","14":"purchasable","15":"product-type-simple"},"yoast_head":"<!-- This site is optimized with the Yoast SEO plugin v26.1 - https:\/\/yoast.com\/wordpress\/plugins\/seo\/ -->\n<title>Chiavalon 100 % Bio-passierte Tomaten (530 g) 12\u00d7 | Chiavalon<\/title>\n<meta name=\"description\" content=\"Chiavalon 100 % Bio-Passata aus Istrien. Ohne Zucker und Zusatzstoffe, ideal f\u00fcr Pizzen, So\u00dfen und Suppen. Nutzen Sie 10 % Rabatt auf das 12er-Paket. Jetzt online bestellen!\" \/>\n<meta name=\"robots\" content=\"index, follow, max-snippet:-1, max-image-preview:large, max-video-preview:-1\" \/>\n<link rel=\"canonical\" href=\"https:\/\/chiavalon.hr\/de\/proizvod\/chiavalon-100-bio-tomatensauce\/\" \/>\n<meta property=\"og:locale\" content=\"de_DE\" \/>\n<meta property=\"og:type\" content=\"article\" \/>\n<meta property=\"og:title\" content=\"Chiavalon 100 % Bio-passierte Tomaten (530 g) 12\u00d7 | Chiavalon\" \/>\n<meta property=\"og:description\" content=\"Chiavalon 100 % Bio-Passata aus Istrien. Ohne Zucker und Zusatzstoffe, ideal f\u00fcr Pizzen, So\u00dfen und Suppen. Nutzen Sie 10 % Rabatt auf das 12er-Paket. Jetzt online bestellen!\" \/>\n<meta property=\"og:url\" content=\"https:\/\/chiavalon.hr\/de\/proizvod\/chiavalon-100-bio-tomatensauce\/\" \/>\n<meta property=\"og:site_name\" content=\"Chiavalon\" \/>\n<meta property=\"article:modified_time\" content=\"2026-03-26T11:51:52+00:00\" \/>\n<meta property=\"og:image\" content=\"https:\/\/chiavalon.hr\/wp-content\/uploads\/2019\/10\/Chiavalon-salsa-3.jpg\" \/>\n\t<meta property=\"og:image:width\" content=\"1200\" \/>\n\t<meta property=\"og:image:height\" content=\"1200\" \/>\n\t<meta property=\"og:image:type\" content=\"image\/jpeg\" \/>\n<meta name=\"twitter:card\" content=\"summary_large_image\" \/>\n<meta name=\"twitter:label1\" content=\"Gesch\u00e4tzte Lesezeit\" \/>\n\t<meta name=\"twitter:data1\" content=\"1\u00a0Minute\" \/>\n<script type=\"application\/ld+json\" class=\"yoast-schema-graph\">{\"@context\":\"https:\/\/schema.org\",\"@graph\":[{\"@type\":\"WebPage\",\"@id\":\"https:\/\/chiavalon.hr\/de\/proizvod\/chiavalon-100-bio-tomatensauce\/\",\"url\":\"https:\/\/chiavalon.hr\/de\/proizvod\/chiavalon-100-bio-tomatensauce\/\",\"name\":\"Chiavalon 100 % Bio-passierte Tomaten (530 g) 12\u00d7 | Chiavalon\",\"isPartOf\":{\"@id\":\"https:\/\/chiavalon.hr\/#website\"},\"primaryImageOfPage\":{\"@id\":\"https:\/\/chiavalon.hr\/de\/proizvod\/chiavalon-100-bio-tomatensauce\/#primaryimage\"},\"image\":{\"@id\":\"https:\/\/chiavalon.hr\/de\/proizvod\/chiavalon-100-bio-tomatensauce\/#primaryimage\"},\"thumbnailUrl\":\"https:\/\/chiavalon.hr\/wp-content\/uploads\/2019\/10\/Chiavalon-salsa-3.jpg\",\"datePublished\":\"2019-10-01T10:46:40+00:00\",\"dateModified\":\"2026-03-26T11:51:52+00:00\",\"description\":\"Chiavalon 100 % Bio-Passata aus Istrien. Ohne Zucker und Zusatzstoffe, ideal f\u00fcr Pizzen, So\u00dfen und Suppen. Nutzen Sie 10 % Rabatt auf das 12er-Paket. Jetzt online bestellen!\",\"breadcrumb\":{\"@id\":\"https:\/\/chiavalon.hr\/de\/proizvod\/chiavalon-100-bio-tomatensauce\/#breadcrumb\"},\"inLanguage\":\"de\",\"potentialAction\":[{\"@type\":\"ReadAction\",\"target\":[\"https:\/\/chiavalon.hr\/de\/proizvod\/chiavalon-100-bio-tomatensauce\/\"]}]},{\"@type\":\"ImageObject\",\"inLanguage\":\"de\",\"@id\":\"https:\/\/chiavalon.hr\/de\/proizvod\/chiavalon-100-bio-tomatensauce\/#primaryimage\",\"url\":\"https:\/\/chiavalon.hr\/wp-content\/uploads\/2019\/10\/Chiavalon-salsa-3.jpg\",\"contentUrl\":\"https:\/\/chiavalon.hr\/wp-content\/uploads\/2019\/10\/Chiavalon-salsa-3.jpg\",\"width\":1200,\"height\":1200},{\"@type\":\"BreadcrumbList\",\"@id\":\"https:\/\/chiavalon.hr\/de\/proizvod\/chiavalon-100-bio-tomatensauce\/#breadcrumb\",\"itemListElement\":[{\"@type\":\"ListItem\",\"position\":1,\"name\":\"Home\",\"item\":\"https:\/\/chiavalon.hr\/de\/chiavalon\/\"},{\"@type\":\"ListItem\",\"position\":2,\"name\":\"CHIAVALON 100% BIO TOMATENSAUCE (530g) 12x\"}]},{\"@type\":\"WebSite\",\"@id\":\"https:\/\/chiavalon.hr\/#website\",\"url\":\"https:\/\/chiavalon.hr\/\",\"name\":\"Chiavalon\",\"description\":\"\",\"potentialAction\":[{\"@type\":\"SearchAction\",\"target\":{\"@type\":\"EntryPoint\",\"urlTemplate\":\"https:\/\/chiavalon.hr\/?s={search_term_string}\"},\"query-input\":{\"@type\":\"PropertyValueSpecification\",\"valueRequired\":true,\"valueName\":\"search_term_string\"}}],\"inLanguage\":\"de\"}]}<\/script>\n<!-- \/ Yoast SEO plugin. -->","yoast_head_json":{"title":"Chiavalon 100 % Bio-passierte Tomaten (530 g) 12\u00d7 | Chiavalon","description":"Chiavalon 100 % Bio-Passata aus Istrien. Ohne Zucker und Zusatzstoffe, ideal f\u00fcr Pizzen, So\u00dfen und Suppen. Nutzen Sie 10 % Rabatt auf das 12er-Paket. Jetzt online bestellen!","robots":{"index":"index","follow":"follow","max-snippet":"max-snippet:-1","max-image-preview":"max-image-preview:large","max-video-preview":"max-video-preview:-1"},"canonical":"https:\/\/chiavalon.hr\/de\/proizvod\/chiavalon-100-bio-tomatensauce\/","og_locale":"de_DE","og_type":"article","og_title":"Chiavalon 100 % Bio-passierte Tomaten (530 g) 12\u00d7 | Chiavalon","og_description":"Chiavalon 100 % Bio-Passata aus Istrien. Ohne Zucker und Zusatzstoffe, ideal f\u00fcr Pizzen, So\u00dfen und Suppen. Nutzen Sie 10 % Rabatt auf das 12er-Paket. Jetzt online bestellen!","og_url":"https:\/\/chiavalon.hr\/de\/proizvod\/chiavalon-100-bio-tomatensauce\/","og_site_name":"Chiavalon","article_modified_time":"2026-03-26T11:51:52+00:00","og_image":[{"width":1200,"height":1200,"url":"https:\/\/chiavalon.hr\/wp-content\/uploads\/2019\/10\/Chiavalon-salsa-3.jpg","type":"image\/jpeg"}],"twitter_card":"summary_large_image","twitter_misc":{"Gesch\u00e4tzte Lesezeit":"1\u00a0Minute"},"schema":{"@context":"https:\/\/schema.org","@graph":[{"@type":"WebPage","@id":"https:\/\/chiavalon.hr\/de\/proizvod\/chiavalon-100-bio-tomatensauce\/","url":"https:\/\/chiavalon.hr\/de\/proizvod\/chiavalon-100-bio-tomatensauce\/","name":"Chiavalon 100 % Bio-passierte Tomaten (530 g) 12\u00d7 | Chiavalon","isPartOf":{"@id":"https:\/\/chiavalon.hr\/#website"},"primaryImageOfPage":{"@id":"https:\/\/chiavalon.hr\/de\/proizvod\/chiavalon-100-bio-tomatensauce\/#primaryimage"},"image":{"@id":"https:\/\/chiavalon.hr\/de\/proizvod\/chiavalon-100-bio-tomatensauce\/#primaryimage"},"thumbnailUrl":"https:\/\/chiavalon.hr\/wp-content\/uploads\/2019\/10\/Chiavalon-salsa-3.jpg","datePublished":"2019-10-01T10:46:40+00:00","dateModified":"2026-03-26T11:51:52+00:00","description":"Chiavalon 100 % Bio-Passata aus Istrien. Ohne Zucker und Zusatzstoffe, ideal f\u00fcr Pizzen, So\u00dfen und Suppen. Nutzen Sie 10 % Rabatt auf das 12er-Paket. Jetzt online bestellen!","breadcrumb":{"@id":"https:\/\/chiavalon.hr\/de\/proizvod\/chiavalon-100-bio-tomatensauce\/#breadcrumb"},"inLanguage":"de","potentialAction":[{"@type":"ReadAction","target":["https:\/\/chiavalon.hr\/de\/proizvod\/chiavalon-100-bio-tomatensauce\/"]}]},{"@type":"ImageObject","inLanguage":"de","@id":"https:\/\/chiavalon.hr\/de\/proizvod\/chiavalon-100-bio-tomatensauce\/#primaryimage","url":"https:\/\/chiavalon.hr\/wp-content\/uploads\/2019\/10\/Chiavalon-salsa-3.jpg","contentUrl":"https:\/\/chiavalon.hr\/wp-content\/uploads\/2019\/10\/Chiavalon-salsa-3.jpg","width":1200,"height":1200},{"@type":"BreadcrumbList","@id":"https:\/\/chiavalon.hr\/de\/proizvod\/chiavalon-100-bio-tomatensauce\/#breadcrumb","itemListElement":[{"@type":"ListItem","position":1,"name":"Home","item":"https:\/\/chiavalon.hr\/de\/chiavalon\/"},{"@type":"ListItem","position":2,"name":"CHIAVALON 100% BIO TOMATENSAUCE (530g) 12x"}]},{"@type":"WebSite","@id":"https:\/\/chiavalon.hr\/#website","url":"https:\/\/chiavalon.hr\/","name":"Chiavalon","description":"","potentialAction":[{"@type":"SearchAction","target":{"@type":"EntryPoint","urlTemplate":"https:\/\/chiavalon.hr\/?s={search_term_string}"},"query-input":{"@type":"PropertyValueSpecification","valueRequired":true,"valueName":"search_term_string"}}],"inLanguage":"de"}]}},"_links":{"self":[{"href":"https:\/\/chiavalon.hr\/de\/wp-json\/wp\/v2\/product\/2442","targetHints":{"allow":["GET"]}}],"collection":[{"href":"https:\/\/chiavalon.hr\/de\/wp-json\/wp\/v2\/product"}],"about":[{"href":"https:\/\/chiavalon.hr\/de\/wp-json\/wp\/v2\/types\/product"}],"replies":[{"embeddable":true,"href":"https:\/\/chiavalon.hr\/de\/wp-json\/wp\/v2\/comments?post=2442"}],"wp:featuredmedia":[{"embeddable":true,"href":"https:\/\/chiavalon.hr\/de\/wp-json\/wp\/v2\/media\/2438"}],"wp:attachment":[{"href":"https:\/\/chiavalon.hr\/de\/wp-json\/wp\/v2\/media?parent=2442"}],"wp:term":[{"taxonomy":"product_brand","embeddable":true,"href":"https:\/\/chiavalon.hr\/de\/wp-json\/wp\/v2\/product_brand?post=2442"},{"taxonomy":"product_cat","embeddable":true,"href":"https:\/\/chiavalon.hr\/de\/wp-json\/wp\/v2\/product_cat?post=2442"},{"taxonomy":"product_tag","embeddable":true,"href":"https:\/\/chiavalon.hr\/de\/wp-json\/wp\/v2\/product_tag?post=2442"}],"curies":[{"name":"wp","href":"https:\/\/api.w.org\/{rel}","templated":true}]}}