{"id":11270,"date":"2026-03-17T14:13:06","date_gmt":"2026-03-17T13:13:06","guid":{"rendered":"https:\/\/chiavalon.hr\/proizvod\/velvet-hand-cream-50-ml\/"},"modified":"2026-04-08T11:21:49","modified_gmt":"2026-04-08T10:21:49","slug":"velvet-hand-cream-50-ml","status":"publish","type":"product","link":"https:\/\/chiavalon.hr\/de\/proizvod\/velvet-hand-cream-50-ml\/","title":{"rendered":"Velvet Hand cream 50 ml"},"content":{"rendered":"<p><strong>VELVET HAND CREAM \u2013 INHALTSSTOFFE<\/strong><br \/>\nChiavalon Oliven\u00f6l (Olea Europaea Fruit Oil) \u2013 reich an Vitamin E, Polyphenolen und Squalen \u2013 st\u00e4rkt die Hautbarriere. N\u00e4hrt intensiv, macht weich und sch\u00fctzt die H\u00e4nde vor oxidativem Stress und Austrocknung.<br \/>\nOliventrester (Olea Europaea Fruit Pomace) \u2013 enth\u00e4lt phenolische S\u00e4uren und Flavonoide, die die Regeneration der Epidermis stimulieren und zur Elastizit\u00e4t und Widerstandsf\u00e4higkeit beitragen.<br \/>\nTraubenkern\u00f6l (Vitis Vinifera Seed Oil) \u2013 verbessert Hydratation und Elastizit\u00e4t und reduziert Feuchtigkeitsverlust.<br \/>\nAvocado\u00f6l (Persea Gratissima Oil) \u2013 f\u00f6rdert die Hauterneuerung und st\u00e4rkt die Schutzfunktion.<br \/>\nSheabutter (Butyrospermum Parkii Butter) \u2013 n\u00e4hrt intensiv und stellt Elastizit\u00e4t wieder her.<br \/>\nBeinwellwurzelextrakt (Symphytum Officinale Root Extract) \u2013 reich an Allantoin; unterst\u00fctzt die Regeneration.<br \/>\nSchachtelhalmextrakt (Equisetum Arvense Extract) \u2013 st\u00e4rkt Hautstruktur und N\u00e4gel.<br \/>\nAllantoin und Glycyrrhetins\u00e4ure \u2013 wirken beruhigend und entz\u00fcndungshemmend.<\/p>\n<p><strong>ANWENDUNG<\/strong><br \/>\nAuf die sauberen und trockenen H\u00e4nde auftragen und einmassieren, bis die Creme vollst\u00e4ndig eingezogen ist. Mehrmals t\u00e4glich nach Bedarf anwenden.<\/p>\n<p><strong>WARNHINWEISE<\/strong><br \/>\nNur zur \u00e4u\u00dferen Anwendung. Kontakt mit den Augen vermeiden. Bei Reizungen Anwendung abbrechen.<\/p>\n","protected":false},"excerpt":{"rendered":"<p>Reichhaltige, regenerierende Handpflege mit Chiavalon nativem Oliven\u00f6l extra und n\u00e4hrstoffreichem Oliventrester-Extrakt \u2013 ein nat\u00fcrliches Elixier aus Antioxidantien und Mineralstoffen.<br \/>\nEine bioaktive Mischung aus Schachtelhalm und Beinwell belebt beanspruchte Haut, w\u00e4hrend Avocado\u00f6l und Sheabutter Feuchtigkeit einschlie\u00dfen und langanhaltenden Komfort bieten.<br \/>\nDie Creme bildet einen unsichtbaren Schutzschild gegen \u00e4u\u00dfere Einfl\u00fcsse, hinterl\u00e4sst die H\u00e4nde seidig weich und h\u00e4lt die N\u00e4gel glatt und widerstandsf\u00e4hig.<br \/>\nEin Hauch von Gr\u00fcntee-Aroma vollendet die samtige, schnell einziehende Textur f\u00fcr die m\u00fchelose t\u00e4gliche Anwendung.<\/p>\n","protected":false},"featured_media":11297,"comment_status":"open","ping_status":"closed","template":"","meta":{"inline_featured_image":false},"product_brand":[],"product_cat":[164],"product_tag":[],"class_list":{"0":"post-11270","1":"product","2":"type-product","3":"status-publish","4":"has-post-thumbnail","6":"product_cat-kozmetika","8":"first","9":"instock","10":"taxable","11":"shipping-taxable","12":"purchasable","13":"product-type-simple"},"yoast_head":"<!-- This site is optimized with the Yoast SEO plugin v26.1 - https:\/\/yoast.com\/wordpress\/plugins\/seo\/ -->\n<title>Velvet nat\u00fcrliche Handcreme 50 ml | Chiavalon<\/title>\n<meta name=\"description\" content=\"Chiavalon Handcreme mit Oliven\u00f6l, Sheabutter und Beinwell. Regeneriert die Haut intensiv und st\u00e4rkt die N\u00e4gel \u2013 ohne fettigen R\u00fcckstand. Ihr samtiges Beauty-Ritual.\" \/>\n<meta name=\"robots\" content=\"index, follow, max-snippet:-1, max-image-preview:large, max-video-preview:-1\" \/>\n<link rel=\"canonical\" href=\"https:\/\/chiavalon.hr\/de\/proizvod\/velvet-hand-cream-50-ml\/\" \/>\n<meta property=\"og:locale\" content=\"de_DE\" \/>\n<meta property=\"og:type\" content=\"article\" \/>\n<meta property=\"og:title\" content=\"Velvet nat\u00fcrliche Handcreme 50 ml | Chiavalon\" \/>\n<meta property=\"og:description\" content=\"Chiavalon Handcreme mit Oliven\u00f6l, Sheabutter und Beinwell. Regeneriert die Haut intensiv und st\u00e4rkt die N\u00e4gel \u2013 ohne fettigen R\u00fcckstand. Ihr samtiges Beauty-Ritual.\" \/>\n<meta property=\"og:url\" content=\"https:\/\/chiavalon.hr\/de\/proizvod\/velvet-hand-cream-50-ml\/\" \/>\n<meta property=\"og:site_name\" content=\"Chiavalon\" \/>\n<meta property=\"article:modified_time\" content=\"2026-04-08T10:21:49+00:00\" \/>\n<meta property=\"og:image\" content=\"https:\/\/chiavalon.hr\/wp-content\/uploads\/2026\/03\/Chiavalon-Velvet-Hand-Cream.webp\" \/>\n\t<meta property=\"og:image:width\" content=\"1000\" \/>\n\t<meta property=\"og:image:height\" content=\"1000\" \/>\n\t<meta property=\"og:image:type\" content=\"image\/webp\" \/>\n<meta name=\"twitter:card\" content=\"summary_large_image\" \/>\n<meta name=\"twitter:label1\" content=\"Gesch\u00e4tzte Lesezeit\" \/>\n\t<meta name=\"twitter:data1\" content=\"1\u00a0Minute\" \/>\n<script type=\"application\/ld+json\" class=\"yoast-schema-graph\">{\"@context\":\"https:\/\/schema.org\",\"@graph\":[{\"@type\":\"WebPage\",\"@id\":\"https:\/\/chiavalon.hr\/de\/proizvod\/velvet-hand-cream-50-ml\/\",\"url\":\"https:\/\/chiavalon.hr\/de\/proizvod\/velvet-hand-cream-50-ml\/\",\"name\":\"Velvet nat\u00fcrliche Handcreme 50 ml | Chiavalon\",\"isPartOf\":{\"@id\":\"https:\/\/chiavalon.hr\/#website\"},\"primaryImageOfPage\":{\"@id\":\"https:\/\/chiavalon.hr\/de\/proizvod\/velvet-hand-cream-50-ml\/#primaryimage\"},\"image\":{\"@id\":\"https:\/\/chiavalon.hr\/de\/proizvod\/velvet-hand-cream-50-ml\/#primaryimage\"},\"thumbnailUrl\":\"https:\/\/chiavalon.hr\/wp-content\/uploads\/2026\/03\/Chiavalon-Velvet-Hand-Cream.webp\",\"datePublished\":\"2026-03-17T13:13:06+00:00\",\"dateModified\":\"2026-04-08T10:21:49+00:00\",\"description\":\"Chiavalon Handcreme mit Oliven\u00f6l, Sheabutter und Beinwell. Regeneriert die Haut intensiv und st\u00e4rkt die N\u00e4gel \u2013 ohne fettigen R\u00fcckstand. Ihr samtiges Beauty-Ritual.\",\"breadcrumb\":{\"@id\":\"https:\/\/chiavalon.hr\/de\/proizvod\/velvet-hand-cream-50-ml\/#breadcrumb\"},\"inLanguage\":\"de\",\"potentialAction\":[{\"@type\":\"ReadAction\",\"target\":[\"https:\/\/chiavalon.hr\/de\/proizvod\/velvet-hand-cream-50-ml\/\"]}]},{\"@type\":\"ImageObject\",\"inLanguage\":\"de\",\"@id\":\"https:\/\/chiavalon.hr\/de\/proizvod\/velvet-hand-cream-50-ml\/#primaryimage\",\"url\":\"https:\/\/chiavalon.hr\/wp-content\/uploads\/2026\/03\/Chiavalon-Velvet-Hand-Cream.webp\",\"contentUrl\":\"https:\/\/chiavalon.hr\/wp-content\/uploads\/2026\/03\/Chiavalon-Velvet-Hand-Cream.webp\",\"width\":1000,\"height\":1000},{\"@type\":\"BreadcrumbList\",\"@id\":\"https:\/\/chiavalon.hr\/de\/proizvod\/velvet-hand-cream-50-ml\/#breadcrumb\",\"itemListElement\":[{\"@type\":\"ListItem\",\"position\":1,\"name\":\"Home\",\"item\":\"https:\/\/chiavalon.hr\/de\/chiavalon\/\"},{\"@type\":\"ListItem\",\"position\":2,\"name\":\"Velvet Hand cream 50 ml\"}]},{\"@type\":\"WebSite\",\"@id\":\"https:\/\/chiavalon.hr\/#website\",\"url\":\"https:\/\/chiavalon.hr\/\",\"name\":\"Chiavalon\",\"description\":\"\",\"potentialAction\":[{\"@type\":\"SearchAction\",\"target\":{\"@type\":\"EntryPoint\",\"urlTemplate\":\"https:\/\/chiavalon.hr\/?s={search_term_string}\"},\"query-input\":{\"@type\":\"PropertyValueSpecification\",\"valueRequired\":true,\"valueName\":\"search_term_string\"}}],\"inLanguage\":\"de\"}]}<\/script>\n<!-- \/ Yoast SEO plugin. -->","yoast_head_json":{"title":"Velvet nat\u00fcrliche Handcreme 50 ml | Chiavalon","description":"Chiavalon Handcreme mit Oliven\u00f6l, Sheabutter und Beinwell. Regeneriert die Haut intensiv und st\u00e4rkt die N\u00e4gel \u2013 ohne fettigen R\u00fcckstand. Ihr samtiges Beauty-Ritual.","robots":{"index":"index","follow":"follow","max-snippet":"max-snippet:-1","max-image-preview":"max-image-preview:large","max-video-preview":"max-video-preview:-1"},"canonical":"https:\/\/chiavalon.hr\/de\/proizvod\/velvet-hand-cream-50-ml\/","og_locale":"de_DE","og_type":"article","og_title":"Velvet nat\u00fcrliche Handcreme 50 ml | Chiavalon","og_description":"Chiavalon Handcreme mit Oliven\u00f6l, Sheabutter und Beinwell. Regeneriert die Haut intensiv und st\u00e4rkt die N\u00e4gel \u2013 ohne fettigen R\u00fcckstand. Ihr samtiges Beauty-Ritual.","og_url":"https:\/\/chiavalon.hr\/de\/proizvod\/velvet-hand-cream-50-ml\/","og_site_name":"Chiavalon","article_modified_time":"2026-04-08T10:21:49+00:00","og_image":[{"width":1000,"height":1000,"url":"https:\/\/chiavalon.hr\/wp-content\/uploads\/2026\/03\/Chiavalon-Velvet-Hand-Cream.webp","type":"image\/webp"}],"twitter_card":"summary_large_image","twitter_misc":{"Gesch\u00e4tzte Lesezeit":"1\u00a0Minute"},"schema":{"@context":"https:\/\/schema.org","@graph":[{"@type":"WebPage","@id":"https:\/\/chiavalon.hr\/de\/proizvod\/velvet-hand-cream-50-ml\/","url":"https:\/\/chiavalon.hr\/de\/proizvod\/velvet-hand-cream-50-ml\/","name":"Velvet nat\u00fcrliche Handcreme 50 ml | Chiavalon","isPartOf":{"@id":"https:\/\/chiavalon.hr\/#website"},"primaryImageOfPage":{"@id":"https:\/\/chiavalon.hr\/de\/proizvod\/velvet-hand-cream-50-ml\/#primaryimage"},"image":{"@id":"https:\/\/chiavalon.hr\/de\/proizvod\/velvet-hand-cream-50-ml\/#primaryimage"},"thumbnailUrl":"https:\/\/chiavalon.hr\/wp-content\/uploads\/2026\/03\/Chiavalon-Velvet-Hand-Cream.webp","datePublished":"2026-03-17T13:13:06+00:00","dateModified":"2026-04-08T10:21:49+00:00","description":"Chiavalon Handcreme mit Oliven\u00f6l, Sheabutter und Beinwell. Regeneriert die Haut intensiv und st\u00e4rkt die N\u00e4gel \u2013 ohne fettigen R\u00fcckstand. Ihr samtiges Beauty-Ritual.","breadcrumb":{"@id":"https:\/\/chiavalon.hr\/de\/proizvod\/velvet-hand-cream-50-ml\/#breadcrumb"},"inLanguage":"de","potentialAction":[{"@type":"ReadAction","target":["https:\/\/chiavalon.hr\/de\/proizvod\/velvet-hand-cream-50-ml\/"]}]},{"@type":"ImageObject","inLanguage":"de","@id":"https:\/\/chiavalon.hr\/de\/proizvod\/velvet-hand-cream-50-ml\/#primaryimage","url":"https:\/\/chiavalon.hr\/wp-content\/uploads\/2026\/03\/Chiavalon-Velvet-Hand-Cream.webp","contentUrl":"https:\/\/chiavalon.hr\/wp-content\/uploads\/2026\/03\/Chiavalon-Velvet-Hand-Cream.webp","width":1000,"height":1000},{"@type":"BreadcrumbList","@id":"https:\/\/chiavalon.hr\/de\/proizvod\/velvet-hand-cream-50-ml\/#breadcrumb","itemListElement":[{"@type":"ListItem","position":1,"name":"Home","item":"https:\/\/chiavalon.hr\/de\/chiavalon\/"},{"@type":"ListItem","position":2,"name":"Velvet Hand cream 50 ml"}]},{"@type":"WebSite","@id":"https:\/\/chiavalon.hr\/#website","url":"https:\/\/chiavalon.hr\/","name":"Chiavalon","description":"","potentialAction":[{"@type":"SearchAction","target":{"@type":"EntryPoint","urlTemplate":"https:\/\/chiavalon.hr\/?s={search_term_string}"},"query-input":{"@type":"PropertyValueSpecification","valueRequired":true,"valueName":"search_term_string"}}],"inLanguage":"de"}]}},"_links":{"self":[{"href":"https:\/\/chiavalon.hr\/de\/wp-json\/wp\/v2\/product\/11270","targetHints":{"allow":["GET"]}}],"collection":[{"href":"https:\/\/chiavalon.hr\/de\/wp-json\/wp\/v2\/product"}],"about":[{"href":"https:\/\/chiavalon.hr\/de\/wp-json\/wp\/v2\/types\/product"}],"replies":[{"embeddable":true,"href":"https:\/\/chiavalon.hr\/de\/wp-json\/wp\/v2\/comments?post=11270"}],"wp:featuredmedia":[{"embeddable":true,"href":"https:\/\/chiavalon.hr\/de\/wp-json\/wp\/v2\/media\/11297"}],"wp:attachment":[{"href":"https:\/\/chiavalon.hr\/de\/wp-json\/wp\/v2\/media?parent=11270"}],"wp:term":[{"taxonomy":"product_brand","embeddable":true,"href":"https:\/\/chiavalon.hr\/de\/wp-json\/wp\/v2\/product_brand?post=11270"},{"taxonomy":"product_cat","embeddable":true,"href":"https:\/\/chiavalon.hr\/de\/wp-json\/wp\/v2\/product_cat?post=11270"},{"taxonomy":"product_tag","embeddable":true,"href":"https:\/\/chiavalon.hr\/de\/wp-json\/wp\/v2\/product_tag?post=11270"}],"curies":[{"name":"wp","href":"https:\/\/api.w.org\/{rel}","templated":true}]}}