{"id":10551,"date":"2025-12-22T00:46:11","date_gmt":"2025-12-21T23:46:11","guid":{"rendered":"https:\/\/chiavalon.hr\/organic\/"},"modified":"2026-04-30T11:58:46","modified_gmt":"2026-04-30T10:58:46","slug":"organic","status":"publish","type":"page","link":"https:\/\/chiavalon.hr\/de\/organic\/","title":{"rendered":"Organic"},"content":{"rendered":"\t\t<div data-elementor-type=\"wp-page\" data-elementor-id=\"10551\" class=\"elementor elementor-10551 elementor-10417\" data-elementor-post-type=\"page\">\n\t\t\t\t<div class=\"elementor-element elementor-element-8ce8ab6 e-flex e-con-boxed elementor-invisible e-con e-parent\" data-id=\"8ce8ab6\" data-element_type=\"container\" data-settings=\"{&quot;background_background&quot;:&quot;gradient&quot;,&quot;animation&quot;:&quot;fadeIn&quot;,&quot;animation_delay&quot;:100}\">\n\t\t\t\t\t<div class=\"e-con-inner\">\n\t\t<div class=\"elementor-element elementor-element-caf1a88 e-con-full e-flex e-con e-child\" data-id=\"caf1a88\" data-element_type=\"container\" data-settings=\"{&quot;background_background&quot;:&quot;classic&quot;,&quot;sticky&quot;:&quot;top&quot;,&quot;sticky_offset&quot;:100,&quot;sticky_on&quot;:[&quot;widescreen&quot;,&quot;desktop&quot;,&quot;laptop&quot;,&quot;tablet_extra&quot;],&quot;sticky_effects_offset&quot;:0,&quot;sticky_anchor_link_offset&quot;:0}\">\n\t\t<div class=\"elementor-element elementor-element-513ad9f e-con-full elementor-hidden-tablet elementor-hidden-mobile_extra elementor-hidden-mobile e-flex e-con e-child\" data-id=\"513ad9f\" data-element_type=\"container\" data-settings=\"{&quot;background_background&quot;:&quot;classic&quot;}\">\n\t\t\t\t<div class=\"elementor-element elementor-element-c37059a elementor-nav-menu__align-start elementor-nav-menu--dropdown-tablet elementor-nav-menu__text-align-aside elementor-nav-menu--toggle elementor-nav-menu--burger elementor-widget elementor-widget-nav-menu\" data-id=\"c37059a\" data-element_type=\"widget\" data-settings=\"{&quot;layout&quot;:&quot;vertical&quot;,&quot;submenu_icon&quot;:{&quot;value&quot;:&quot;&lt;svg class=\\&quot;e-font-icon-svg e-fas-caret-down\\&quot; viewBox=\\&quot;0 0 320 512\\&quot; xmlns=\\&quot;http:\\\/\\\/www.w3.org\\\/2000\\\/svg\\&quot;&gt;&lt;path d=\\&quot;M31.3 192h257.3c17.8 0 26.7 21.5 14.1 34.1L174.1 354.8c-7.8 7.8-20.5 7.8-28.3 0L17.2 226.1C4.6 213.5 13.5 192 31.3 192z\\&quot;&gt;&lt;\\\/path&gt;&lt;\\\/svg&gt;&quot;,&quot;library&quot;:&quot;fa-solid&quot;},&quot;toggle&quot;:&quot;burger&quot;}\" data-widget_type=\"nav-menu.default\">\n\t\t\t\t\t\t\t\t<nav aria-label=\"Menu\" class=\"elementor-nav-menu--main elementor-nav-menu__container elementor-nav-menu--layout-vertical e--pointer-none\">\n\t\t\t\t<ul id=\"menu-1-c37059a\" class=\"elementor-nav-menu sm-vertical\"><li class=\"menu-item menu-item-type-post_type menu-item-object-page menu-item-10581\"><a href=\"https:\/\/chiavalon.hr\/de\/istra\/\" class=\"elementor-item\">Istra<\/a><\/li>\n<li class=\"menu-item menu-item-type-post_type menu-item-object-page menu-item-10582\"><a href=\"https:\/\/chiavalon.hr\/de\/ex-albis\/\" class=\"elementor-item\">Ex Albis<\/a><\/li>\n<li class=\"menu-item menu-item-type-post_type menu-item-object-page menu-item-10583\"><a href=\"https:\/\/chiavalon.hr\/de\/romano\/\" class=\"elementor-item\">Romano<\/a><\/li>\n<li class=\"menu-item menu-item-type-post_type menu-item-object-page menu-item-10584\"><a href=\"https:\/\/chiavalon.hr\/de\/mlado\/\" class=\"elementor-item\">Mlado<\/a><\/li>\n<li class=\"menu-item menu-item-type-post_type menu-item-object-page menu-item-10585\"><a href=\"https:\/\/chiavalon.hr\/de\/atilio\/\" class=\"elementor-item\">Atilio<\/a><\/li>\n<li class=\"menu-item menu-item-type-post_type menu-item-object-page menu-item-10586\"><a href=\"https:\/\/chiavalon.hr\/de\/organic\/\" class=\"elementor-item\">Organic<\/a><\/li>\n<\/ul>\t\t\t<\/nav>\n\t\t\t\t\t<div class=\"elementor-menu-toggle\" role=\"button\" tabindex=\"0\" aria-label=\"Men\u00fc Umschalter\" aria-expanded=\"false\">\n\t\t\t<svg aria-hidden=\"true\" role=\"presentation\" class=\"elementor-menu-toggle__icon--open e-font-icon-svg e-eicon-menu-bar\" viewBox=\"0 0 1000 1000\" xmlns=\"http:\/\/www.w3.org\/2000\/svg\"><path d=\"M104 333H896C929 333 958 304 958 271S929 208 896 208H104C71 208 42 237 42 271S71 333 104 333ZM104 583H896C929 583 958 554 958 521S929 458 896 458H104C71 458 42 487 42 521S71 583 104 583ZM104 833H896C929 833 958 804 958 771S929 708 896 708H104C71 708 42 737 42 771S71 833 104 833Z\"><\/path><\/svg><svg aria-hidden=\"true\" role=\"presentation\" class=\"elementor-menu-toggle__icon--close e-font-icon-svg e-eicon-close\" viewBox=\"0 0 1000 1000\" xmlns=\"http:\/\/www.w3.org\/2000\/svg\"><path d=\"M742 167L500 408 258 167C246 154 233 150 217 150 196 150 179 158 167 167 154 179 150 196 150 212 150 229 154 242 171 254L408 500 167 742C138 771 138 800 167 829 196 858 225 858 254 829L496 587 738 829C750 842 767 846 783 846 800 846 817 842 829 829 842 817 846 804 846 783 846 767 842 750 829 737L588 500 833 258C863 229 863 200 833 171 804 137 775 137 742 167Z\"><\/path><\/svg>\t\t<\/div>\n\t\t\t\t\t<nav class=\"elementor-nav-menu--dropdown elementor-nav-menu__container\" aria-hidden=\"true\">\n\t\t\t\t<ul id=\"menu-2-c37059a\" class=\"elementor-nav-menu sm-vertical\"><li class=\"menu-item menu-item-type-post_type menu-item-object-page menu-item-10581\"><a href=\"https:\/\/chiavalon.hr\/de\/istra\/\" class=\"elementor-item\" tabindex=\"-1\">Istra<\/a><\/li>\n<li class=\"menu-item menu-item-type-post_type menu-item-object-page menu-item-10582\"><a href=\"https:\/\/chiavalon.hr\/de\/ex-albis\/\" class=\"elementor-item\" tabindex=\"-1\">Ex Albis<\/a><\/li>\n<li class=\"menu-item menu-item-type-post_type menu-item-object-page menu-item-10583\"><a href=\"https:\/\/chiavalon.hr\/de\/romano\/\" class=\"elementor-item\" tabindex=\"-1\">Romano<\/a><\/li>\n<li class=\"menu-item menu-item-type-post_type menu-item-object-page menu-item-10584\"><a href=\"https:\/\/chiavalon.hr\/de\/mlado\/\" class=\"elementor-item\" tabindex=\"-1\">Mlado<\/a><\/li>\n<li class=\"menu-item menu-item-type-post_type menu-item-object-page menu-item-10585\"><a href=\"https:\/\/chiavalon.hr\/de\/atilio\/\" class=\"elementor-item\" tabindex=\"-1\">Atilio<\/a><\/li>\n<li class=\"menu-item menu-item-type-post_type menu-item-object-page menu-item-10586\"><a href=\"https:\/\/chiavalon.hr\/de\/organic\/\" class=\"elementor-item\" tabindex=\"-1\">Organic<\/a><\/li>\n<\/ul>\t\t\t<\/nav>\n\t\t\t\t\t\t<\/div>\n\t\t\t\t<\/div>\n\t\t<div class=\"elementor-element elementor-element-3b0f1b0 e-con-full e-flex e-con e-child\" data-id=\"3b0f1b0\" data-element_type=\"container\" data-settings=\"{&quot;background_background&quot;:&quot;classic&quot;}\">\n\t\t\t\t<div class=\"elementor-element elementor-element-e50e1ec elementor-widget elementor-widget-image\" data-id=\"e50e1ec\" data-element_type=\"widget\" data-widget_type=\"image.default\">\n\t\t\t\t\t\t\t\t\t\t\t\t\t\t\t\t<a href=\"https:\/\/chiavalon.hr\/proizvod\/organic\/\">\n\t\t\t\t\t\t\t<img fetchpriority=\"high\" decoding=\"async\" width=\"640\" height=\"961\" src=\"https:\/\/chiavalon.hr\/wp-content\/uploads\/2025\/12\/batch_Organic-velika.webp\" class=\"attachment-large size-large wp-image-10429\" alt=\"\" srcset=\"https:\/\/chiavalon.hr\/wp-content\/uploads\/2025\/12\/batch_Organic-velika.webp 682w, https:\/\/chiavalon.hr\/wp-content\/uploads\/2025\/12\/batch_Organic-velika-200x300.webp 200w, https:\/\/chiavalon.hr\/wp-content\/uploads\/2025\/12\/batch_Organic-velika-400x600.webp 400w, https:\/\/chiavalon.hr\/wp-content\/uploads\/2025\/12\/batch_Organic-velika-67x100.webp 67w\" sizes=\"(max-width: 640px) 100vw, 640px\" \/>\t\t\t\t\t\t\t\t<\/a>\n\t\t\t\t\t\t\t\t\t\t\t\t\t\t\t<\/div>\n\t\t<div class=\"elementor-element elementor-element-724d9f5 e-con-full e-flex e-con e-child\" data-id=\"724d9f5\" data-element_type=\"container\">\n\t\t\t\t<div class=\"elementor-element elementor-element-8562bc2 sa-efektom elementor-widget elementor-widget-button\" data-id=\"8562bc2\" data-element_type=\"widget\" data-widget_type=\"button.default\">\n\t\t\t\t\t\t\t\t\t\t<a class=\"elementor-button elementor-button-link elementor-size-sm\" href=\"https:\/\/chiavalon.hr\/de\/?page_id=10532\">\n\t\t\t\t\t\t<span class=\"elementor-button-content-wrapper\">\n\t\t\t\t\t\t\t\t\t<span class=\"elementor-button-text\">VERKOSTUNG<\/span>\n\t\t\t\t\t<\/span>\n\t\t\t\t\t<\/a>\n\t\t\t\t\t\t\t\t<\/div>\n\t\t\t\t<div class=\"elementor-element elementor-element-c2d83e6 sa-efektom elementor-widget elementor-widget-button\" data-id=\"c2d83e6\" data-element_type=\"widget\" data-widget_type=\"button.default\">\n\t\t\t\t\t\t\t\t\t\t<a class=\"elementor-button elementor-button-link elementor-size-sm\" href=\"https:\/\/chiavalon.hr\/de\/organic\/?add-to-cart=78\">\n\t\t\t\t\t\t<span class=\"elementor-button-content-wrapper\">\n\t\t\t\t\t\t\t\t\t<span class=\"elementor-button-text\">IN DEN WARENKORB<\/span>\n\t\t\t\t\t<\/span>\n\t\t\t\t\t<\/a>\n\t\t\t\t\t\t\t\t<\/div>\n\t\t\t\t<\/div>\n\t\t\t\t<\/div>\n\t\t\t\t<\/div>\n\t\t<div class=\"elementor-element elementor-element-b341d9c e-con-full e-flex e-con e-child\" data-id=\"b341d9c\" data-element_type=\"container\" data-settings=\"{&quot;background_background&quot;:&quot;classic&quot;}\">\n\t\t<div class=\"elementor-element elementor-element-e830140 e-con-full e-flex e-con e-child\" data-id=\"e830140\" data-element_type=\"container\">\n\t\t\t\t<div class=\"elementor-element elementor-element-7971597 elementor-widget__width-initial elementor-widget elementor-widget-spacer\" data-id=\"7971597\" data-element_type=\"widget\" data-widget_type=\"spacer.default\">\n\t\t\t\t\t\t\t<div class=\"elementor-spacer\">\n\t\t\t<div class=\"elementor-spacer-inner\"><\/div>\n\t\t<\/div>\n\t\t\t\t\t\t<\/div>\n\t\t<div class=\"elementor-element elementor-element-dd09cf2 e-con-full e-flex e-con e-child\" data-id=\"dd09cf2\" data-element_type=\"container\">\n\t\t\t\t<div class=\"elementor-element elementor-element-1318504 elementor-widget elementor-widget-heading\" data-id=\"1318504\" data-element_type=\"widget\" data-widget_type=\"heading.default\">\n\t\t\t\t\t<h2 class=\"elementor-heading-title elementor-size-default\">Organic<\/h2>\t\t\t\t<\/div>\n\t\t\t\t<div class=\"elementor-element elementor-element-0e1deb9 elementor-widget elementor-widget-image\" data-id=\"0e1deb9\" data-element_type=\"widget\" data-widget_type=\"image.default\">\n\t\t\t\t\t\t\t\t\t\t\t\t\t\t\t<img decoding=\"async\" width=\"191\" height=\"124\" src=\"https:\/\/chiavalon.hr\/wp-content\/uploads\/2025\/12\/organic_logo_green.webp\" class=\"attachment-large size-large wp-image-10387\" alt=\"\" srcset=\"https:\/\/chiavalon.hr\/wp-content\/uploads\/2025\/12\/organic_logo_green.webp 191w, https:\/\/chiavalon.hr\/wp-content\/uploads\/2025\/12\/organic_logo_green-100x65.webp 100w\" sizes=\"(max-width: 191px) 100vw, 191px\" \/>\t\t\t\t\t\t\t\t\t\t\t\t\t\t\t<\/div>\n\t\t\t\t<\/div>\n\t\t\t\t<\/div>\n\t\t<div class=\"elementor-element elementor-element-43c5bf0 e-con-full e-flex e-con e-child\" data-id=\"43c5bf0\" data-element_type=\"container\">\n\t\t<div class=\"elementor-element elementor-element-f7661c1 e-con-full e-flex e-con e-child\" data-id=\"f7661c1\" data-element_type=\"container\">\n\t\t\t\t<div class=\"elementor-element elementor-element-8ae2936 elementor-widget elementor-widget-image\" data-id=\"8ae2936\" data-element_type=\"widget\" data-widget_type=\"image.default\">\n\t\t\t\t\t\t\t\t\t\t\t\t\t\t\t<img decoding=\"async\" width=\"1\" height=\"1\" src=\"https:\/\/chiavalon.hr\/wp-content\/uploads\/2025\/12\/pasta.svg\" class=\"attachment-large size-large wp-image-10399\" alt=\"\" \/>\t\t\t\t\t\t\t\t\t\t\t\t\t\t\t<\/div>\n\t\t\t\t<\/div>\n\t\t<div class=\"elementor-element elementor-element-21f058b e-con-full e-flex e-con e-child\" data-id=\"21f058b\" data-element_type=\"container\">\n\t\t\t\t<div class=\"elementor-element elementor-element-b8b034a elementor-widget elementor-widget-heading\" data-id=\"b8b034a\" data-element_type=\"widget\" data-widget_type=\"heading.default\">\n\t\t\t\t\t<span class=\"elementor-heading-title elementor-size-default\">Serviervorschl\u00e4ge<\/span>\t\t\t\t<\/div>\n\t\t\t\t<div class=\"elementor-element elementor-element-ca0bdef elementor-widget elementor-widget-text-editor\" data-id=\"ca0bdef\" data-element_type=\"widget\" data-widget_type=\"text-editor.default\">\n\t\t\t\t\t\t\t\t\t<p>Dieses \u00d6l passt perfekt zu gekochten und Spiegeleiern, gegrilltem Thunfisch, rotem und wei\u00dfem Fleisch und verschiedenen K\u00e4sesorten. Wir empfehlen es mit allen Arten von Pasta und Risotto. Es kann auch mit Dessert, vorzugsweise Vanilleeis oder Schokoladekuchen serviert werden.<\/p>\n\t\t\t\t\t\t\t\t<\/div>\n\t\t\t\t<\/div>\n\t\t\t\t<\/div>\n\t\t<div class=\"elementor-element elementor-element-b1d82a4 e-con-full e-flex e-con e-child\" data-id=\"b1d82a4\" data-element_type=\"container\">\n\t\t<div class=\"elementor-element elementor-element-931aa51 e-con-full e-flex e-con e-child\" data-id=\"931aa51\" data-element_type=\"container\">\n\t\t\t\t<div class=\"elementor-element elementor-element-5fa22ae elementor-widget elementor-widget-image\" data-id=\"5fa22ae\" data-element_type=\"widget\" data-widget_type=\"image.default\">\n\t\t\t\t\t\t\t\t\t\t\t\t\t\t\t<img loading=\"lazy\" decoding=\"async\" width=\"1\" height=\"1\" src=\"https:\/\/chiavalon.hr\/wp-content\/uploads\/2025\/12\/olive.svg\" class=\"attachment-large size-large wp-image-10395\" alt=\"\" \/>\t\t\t\t\t\t\t\t\t\t\t\t\t\t\t<\/div>\n\t\t\t\t<\/div>\n\t\t<div class=\"elementor-element elementor-element-f929b9e e-con-full e-flex e-con e-child\" data-id=\"f929b9e\" data-element_type=\"container\">\n\t\t\t\t<div class=\"elementor-element elementor-element-d2d90ee elementor-widget elementor-widget-heading\" data-id=\"d2d90ee\" data-element_type=\"widget\" data-widget_type=\"heading.default\">\n\t\t\t\t\t<span class=\"elementor-heading-title elementor-size-default\">Spezifikationen<\/span>\t\t\t\t<\/div>\n\t\t\t\t<div class=\"elementor-element elementor-element-f736cdb elementor-widget elementor-widget-text-editor\" data-id=\"f736cdb\" data-element_type=\"widget\" data-widget_type=\"text-editor.default\">\n\t\t\t\t\t\t\t\t\t<p><strong>Typ:<\/strong>\u00a0Coupage \/ Blend<br \/><strong>Olivensorte:<\/strong>\u00a0Busa, Rosignola, Morasola, Carbonazza und istrische Bianchera<br \/><strong>Dichte:<\/strong>\u00a0sehr reiche Textur<br \/><strong>Farbton:<\/strong>\u00a0intensiv gr\u00fcn<\/p>\n\t\t\t\t\t\t\t\t<\/div>\n\t\t\t\t<\/div>\n\t\t\t\t<\/div>\n\t\t<div class=\"elementor-element elementor-element-7461875 e-con-full e-flex e-con e-child\" data-id=\"7461875\" data-element_type=\"container\">\n\t\t<div class=\"elementor-element elementor-element-19d637d e-con-full e-flex e-con e-child\" data-id=\"19d637d\" data-element_type=\"container\">\n\t\t\t\t<div class=\"elementor-element elementor-element-f1494b3 elementor-widget elementor-widget-image\" data-id=\"f1494b3\" data-element_type=\"widget\" data-widget_type=\"image.default\">\n\t\t\t\t\t\t\t\t\t\t\t\t\t\t\t<img loading=\"lazy\" decoding=\"async\" width=\"1\" height=\"1\" src=\"https:\/\/chiavalon.hr\/wp-content\/uploads\/2025\/12\/oil.svg\" class=\"attachment-large size-large wp-image-10391\" alt=\"\" \/>\t\t\t\t\t\t\t\t\t\t\t\t\t\t\t<\/div>\n\t\t\t\t<\/div>\n\t\t<div class=\"elementor-element elementor-element-829ab8d e-con-full e-flex e-con e-child\" data-id=\"829ab8d\" data-element_type=\"container\">\n\t\t\t\t<div class=\"elementor-element elementor-element-e99a693 elementor-widget elementor-widget-heading\" data-id=\"e99a693\" data-element_type=\"widget\" data-widget_type=\"heading.default\">\n\t\t\t\t\t<span class=\"elementor-heading-title elementor-size-default\">Ernte und Verarbeitung<\/span>\t\t\t\t<\/div>\n\t\t\t\t<div class=\"elementor-element elementor-element-28002c8 elementor-widget elementor-widget-text-editor\" data-id=\"28002c8\" data-element_type=\"widget\" data-widget_type=\"text-editor.default\">\n\t\t\t\t\t\t\t\t\t<p><strong>Ernteverfahren:<\/strong>\u00a0kombiniert; handgepfl\u00fcckt und mit pneumatischen, handgehaltenen Olivenr\u00fcttlern<br \/><strong>Erntezeit:<\/strong>\u00a0Oktober 5,6,7<br \/><strong>Verarbeitungsverfahren:<\/strong>\u00a0eigene M\u00fchle, kontinuierlicher Zyklus, 2 Phasen, direkt nach der Ernte verarbeitet<br \/><strong>Verarbeitungstemperatur:<\/strong>\u00a019 \u2013 21\u00b0C<br \/><strong>Ort der Produktion:<\/strong>\u00a0Vodnjan<br \/><strong>H\u00f6he:<\/strong>\u00a080 \u2013 180 \u00fcber Meeresspiegel<br \/><strong>Region:<\/strong>\u00a0Istrien<\/p>\n\t\t\t\t\t\t\t\t<\/div>\n\t\t\t\t<\/div>\n\t\t\t\t<\/div>\n\t\t\t\t<\/div>\n\t\t\t\t\t<\/div>\n\t\t\t\t<\/div>\n\t\t\t\t<\/div>\n\t\t","protected":false},"excerpt":{"rendered":"<p>VERKOSTUNG IN DEN WARENKORB Organic Serviervorschl\u00e4ge Dieses \u00d6l passt perfekt zu gekochten und Spiegeleiern, gegrilltem Thunfisch, rotem und wei\u00dfem Fleisch und verschiedenen K\u00e4sesorten. Wir empfehlen es mit allen Arten von Pasta und Risotto. Es kann auch mit Dessert, vorzugsweise Vanilleeis oder Schokoladekuchen serviert werden. Spezifikationen Typ:\u00a0Coupage \/ BlendOlivensorte:\u00a0Busa, Rosignola, Morasola, Carbonazza und istrische BiancheraDichte:\u00a0sehr reiche [&hellip;]<\/p>\n","protected":false},"author":1,"featured_media":0,"parent":0,"menu_order":0,"comment_status":"closed","ping_status":"closed","template":"","meta":{"inline_featured_image":false,"footnotes":""},"class_list":["post-10551","page","type-page","status-publish","hentry"],"yoast_head":"<!-- This site is optimized with the Yoast SEO plugin v26.1 - https:\/\/yoast.com\/wordpress\/plugins\/seo\/ -->\n<title>Organic \u2013 Natives Oliven\u00f6l extra, Istrien | Chiavalon<\/title>\n<meta name=\"description\" content=\"Organic, das istrische native Oliven\u00f6l extra, ist ein Chiavalon-Bio-Markenprodukt. Reservieren Sie eine Oliven\u00f6l-Verkostung oder bestellen Sie das Produkt online!\" \/>\n<meta name=\"robots\" content=\"index, follow, max-snippet:-1, max-image-preview:large, max-video-preview:-1\" \/>\n<link rel=\"canonical\" href=\"https:\/\/chiavalon.hr\/de\/organic\/\" \/>\n<meta property=\"og:locale\" content=\"de_DE\" \/>\n<meta property=\"og:type\" content=\"article\" \/>\n<meta property=\"og:title\" content=\"Organic \u2013 Natives Oliven\u00f6l extra, Istrien | Chiavalon\" \/>\n<meta property=\"og:description\" content=\"Organic, das istrische native Oliven\u00f6l extra, ist ein Chiavalon-Bio-Markenprodukt. Reservieren Sie eine Oliven\u00f6l-Verkostung oder bestellen Sie das Produkt online!\" \/>\n<meta property=\"og:url\" content=\"https:\/\/chiavalon.hr\/de\/organic\/\" \/>\n<meta property=\"og:site_name\" content=\"Chiavalon\" \/>\n<meta property=\"article:modified_time\" content=\"2026-04-30T10:58:46+00:00\" \/>\n<meta property=\"og:image\" content=\"https:\/\/chiavalon.hr\/wp-content\/uploads\/2025\/12\/batch_Organic-velika.webp\" \/>\n\t<meta property=\"og:image:width\" content=\"682\" \/>\n\t<meta property=\"og:image:height\" content=\"1024\" \/>\n\t<meta property=\"og:image:type\" content=\"image\/webp\" \/>\n<meta name=\"twitter:card\" content=\"summary_large_image\" \/>\n<meta name=\"twitter:label1\" content=\"Gesch\u00e4tzte Lesezeit\" \/>\n\t<meta name=\"twitter:data1\" content=\"2\u00a0Minuten\" \/>\n<script type=\"application\/ld+json\" class=\"yoast-schema-graph\">{\"@context\":\"https:\/\/schema.org\",\"@graph\":[{\"@type\":\"WebPage\",\"@id\":\"https:\/\/chiavalon.hr\/de\/organic\/\",\"url\":\"https:\/\/chiavalon.hr\/de\/organic\/\",\"name\":\"Organic \u2013 Natives Oliven\u00f6l extra, Istrien | Chiavalon\",\"isPartOf\":{\"@id\":\"https:\/\/chiavalon.hr\/#website\"},\"primaryImageOfPage\":{\"@id\":\"https:\/\/chiavalon.hr\/de\/organic\/#primaryimage\"},\"image\":{\"@id\":\"https:\/\/chiavalon.hr\/de\/organic\/#primaryimage\"},\"thumbnailUrl\":\"https:\/\/chiavalon.hr\/wp-content\/uploads\/2025\/12\/batch_Organic-velika.webp\",\"datePublished\":\"2025-12-21T23:46:11+00:00\",\"dateModified\":\"2026-04-30T10:58:46+00:00\",\"description\":\"Organic, das istrische native Oliven\u00f6l extra, ist ein Chiavalon-Bio-Markenprodukt. Reservieren Sie eine Oliven\u00f6l-Verkostung oder bestellen Sie das Produkt online!\",\"breadcrumb\":{\"@id\":\"https:\/\/chiavalon.hr\/de\/organic\/#breadcrumb\"},\"inLanguage\":\"de\",\"potentialAction\":[{\"@type\":\"ReadAction\",\"target\":[\"https:\/\/chiavalon.hr\/de\/organic\/\"]}]},{\"@type\":\"ImageObject\",\"inLanguage\":\"de\",\"@id\":\"https:\/\/chiavalon.hr\/de\/organic\/#primaryimage\",\"url\":\"https:\/\/chiavalon.hr\/wp-content\/uploads\/2025\/12\/batch_Organic-velika.webp\",\"contentUrl\":\"https:\/\/chiavalon.hr\/wp-content\/uploads\/2025\/12\/batch_Organic-velika.webp\"},{\"@type\":\"BreadcrumbList\",\"@id\":\"https:\/\/chiavalon.hr\/de\/organic\/#breadcrumb\",\"itemListElement\":[{\"@type\":\"ListItem\",\"position\":1,\"name\":\"Home\",\"item\":\"https:\/\/chiavalon.hr\/de\/chiavalon\/\"},{\"@type\":\"ListItem\",\"position\":2,\"name\":\"Organic\"}]},{\"@type\":\"WebSite\",\"@id\":\"https:\/\/chiavalon.hr\/#website\",\"url\":\"https:\/\/chiavalon.hr\/\",\"name\":\"Chiavalon\",\"description\":\"\",\"potentialAction\":[{\"@type\":\"SearchAction\",\"target\":{\"@type\":\"EntryPoint\",\"urlTemplate\":\"https:\/\/chiavalon.hr\/?s={search_term_string}\"},\"query-input\":{\"@type\":\"PropertyValueSpecification\",\"valueRequired\":true,\"valueName\":\"search_term_string\"}}],\"inLanguage\":\"de\"}]}<\/script>\n<!-- \/ Yoast SEO plugin. -->","yoast_head_json":{"title":"Organic \u2013 Natives Oliven\u00f6l extra, Istrien | Chiavalon","description":"Organic, das istrische native Oliven\u00f6l extra, ist ein Chiavalon-Bio-Markenprodukt. Reservieren Sie eine Oliven\u00f6l-Verkostung oder bestellen Sie das Produkt online!","robots":{"index":"index","follow":"follow","max-snippet":"max-snippet:-1","max-image-preview":"max-image-preview:large","max-video-preview":"max-video-preview:-1"},"canonical":"https:\/\/chiavalon.hr\/de\/organic\/","og_locale":"de_DE","og_type":"article","og_title":"Organic \u2013 Natives Oliven\u00f6l extra, Istrien | Chiavalon","og_description":"Organic, das istrische native Oliven\u00f6l extra, ist ein Chiavalon-Bio-Markenprodukt. Reservieren Sie eine Oliven\u00f6l-Verkostung oder bestellen Sie das Produkt online!","og_url":"https:\/\/chiavalon.hr\/de\/organic\/","og_site_name":"Chiavalon","article_modified_time":"2026-04-30T10:58:46+00:00","og_image":[{"width":682,"height":1024,"url":"https:\/\/chiavalon.hr\/wp-content\/uploads\/2025\/12\/batch_Organic-velika.webp","type":"image\/webp"}],"twitter_card":"summary_large_image","twitter_misc":{"Gesch\u00e4tzte Lesezeit":"2\u00a0Minuten"},"schema":{"@context":"https:\/\/schema.org","@graph":[{"@type":"WebPage","@id":"https:\/\/chiavalon.hr\/de\/organic\/","url":"https:\/\/chiavalon.hr\/de\/organic\/","name":"Organic \u2013 Natives Oliven\u00f6l extra, Istrien | Chiavalon","isPartOf":{"@id":"https:\/\/chiavalon.hr\/#website"},"primaryImageOfPage":{"@id":"https:\/\/chiavalon.hr\/de\/organic\/#primaryimage"},"image":{"@id":"https:\/\/chiavalon.hr\/de\/organic\/#primaryimage"},"thumbnailUrl":"https:\/\/chiavalon.hr\/wp-content\/uploads\/2025\/12\/batch_Organic-velika.webp","datePublished":"2025-12-21T23:46:11+00:00","dateModified":"2026-04-30T10:58:46+00:00","description":"Organic, das istrische native Oliven\u00f6l extra, ist ein Chiavalon-Bio-Markenprodukt. Reservieren Sie eine Oliven\u00f6l-Verkostung oder bestellen Sie das Produkt online!","breadcrumb":{"@id":"https:\/\/chiavalon.hr\/de\/organic\/#breadcrumb"},"inLanguage":"de","potentialAction":[{"@type":"ReadAction","target":["https:\/\/chiavalon.hr\/de\/organic\/"]}]},{"@type":"ImageObject","inLanguage":"de","@id":"https:\/\/chiavalon.hr\/de\/organic\/#primaryimage","url":"https:\/\/chiavalon.hr\/wp-content\/uploads\/2025\/12\/batch_Organic-velika.webp","contentUrl":"https:\/\/chiavalon.hr\/wp-content\/uploads\/2025\/12\/batch_Organic-velika.webp"},{"@type":"BreadcrumbList","@id":"https:\/\/chiavalon.hr\/de\/organic\/#breadcrumb","itemListElement":[{"@type":"ListItem","position":1,"name":"Home","item":"https:\/\/chiavalon.hr\/de\/chiavalon\/"},{"@type":"ListItem","position":2,"name":"Organic"}]},{"@type":"WebSite","@id":"https:\/\/chiavalon.hr\/#website","url":"https:\/\/chiavalon.hr\/","name":"Chiavalon","description":"","potentialAction":[{"@type":"SearchAction","target":{"@type":"EntryPoint","urlTemplate":"https:\/\/chiavalon.hr\/?s={search_term_string}"},"query-input":{"@type":"PropertyValueSpecification","valueRequired":true,"valueName":"search_term_string"}}],"inLanguage":"de"}]}},"_links":{"self":[{"href":"https:\/\/chiavalon.hr\/de\/wp-json\/wp\/v2\/pages\/10551","targetHints":{"allow":["GET"]}}],"collection":[{"href":"https:\/\/chiavalon.hr\/de\/wp-json\/wp\/v2\/pages"}],"about":[{"href":"https:\/\/chiavalon.hr\/de\/wp-json\/wp\/v2\/types\/page"}],"author":[{"embeddable":true,"href":"https:\/\/chiavalon.hr\/de\/wp-json\/wp\/v2\/users\/1"}],"replies":[{"embeddable":true,"href":"https:\/\/chiavalon.hr\/de\/wp-json\/wp\/v2\/comments?post=10551"}],"version-history":[{"count":0,"href":"https:\/\/chiavalon.hr\/de\/wp-json\/wp\/v2\/pages\/10551\/revisions"}],"wp:attachment":[{"href":"https:\/\/chiavalon.hr\/de\/wp-json\/wp\/v2\/media?parent=10551"}],"curies":[{"name":"wp","href":"https:\/\/api.w.org\/{rel}","templated":true}]}}